{"id":13,"date":"2023-10-23T18:56:24","date_gmt":"2023-10-23T18:56:24","guid":{"rendered":"https:\/\/starokatoliki.si\/?page_id=13"},"modified":"2025-09-28T10:51:14","modified_gmt":"2025-09-28T09:51:14","slug":"home","status":"publish","type":"page","link":"https:\/\/starokatoliki.si\/","title":{"rendered":"DOMOV"},"content":{"rendered":"\n<div class=\"wp-block-cover alignfull is-light hestia-clear-top-padding\"><span aria-hidden=\"true\" class=\"wp-block-cover__background has-white-background-color has-background-dim-100 has-background-dim\"><\/span><div class=\"wp-block-cover__inner-container is-layout-flow wp-block-cover-is-layout-flow\">\n<h2 class=\"wp-block-heading has-text-align-center has-text-color\" style=\"color:#3c4858\">O nas<\/h2>\n\n\n\n<div style=\"height:40px\" aria-hidden=\"true\" class=\"wp-block-spacer\"><\/div>\n\n\n\n<div class=\"wp-block-columns container is-layout-flex wp-container-core-columns-is-layout-28f84493 wp-block-columns-is-layout-flex\">\n<div class=\"wp-block-column is-layout-flow wp-block-column-is-layout-flow\"><div class=\"wp-block-image\">\n<figure class=\"aligncenter size-full is-resized\"><a href=\"https:\/\/starokatoliki.si\/index.php\/zakramenti\/\"><img loading=\"lazy\" decoding=\"async\" width=\"379\" height=\"353\" src=\"https:\/\/starokatoliki.si\/wp-content\/uploads\/2023\/10\/zakramenti-foto.jpg\" alt=\"\" class=\"wp-image-205\" style=\"aspect-ratio:1;width:95px;height:auto\" srcset=\"https:\/\/starokatoliki.si\/wp-content\/uploads\/2023\/10\/zakramenti-foto.jpg 379w, https:\/\/starokatoliki.si\/wp-content\/uploads\/2023\/10\/zakramenti-foto-300x279.jpg 300w\" sizes=\"auto, (max-width: 379px) 100vw, 379px\" \/><\/a><\/figure>\n<\/div>\n\n\n<h5 class=\"wp-block-heading has-text-align-center has-black-color has-text-color\" style=\"font-size:18px\">Zakramenti<\/h5>\n\n\n\n<p class=\"has-text-align-center has-black-color has-text-color\" style=\"font-size:14px\">V Starokatoli\u0161ki Cerkvi Slovenije Utrechtske Izjave podeljujemo in priznavamo 7 zakramentov.<\/p>\n\n\n\n<div style=\"height:25px\" aria-hidden=\"true\" class=\"wp-block-spacer\"><\/div>\n<\/div>\n\n\n\n<div class=\"wp-block-column is-layout-flow wp-block-column-is-layout-flow\"><div class=\"wp-block-image\">\n<figure class=\"aligncenter size-full is-resized\"><a href=\"https:\/\/starokatoliki.si\/index.php\/obcestvo\"><img loading=\"lazy\" decoding=\"async\" width=\"451\" height=\"520\" src=\"https:\/\/starokatoliki.si\/wp-content\/uploads\/2023\/10\/FB_IMG_1697691490693-1.jpg\" alt=\"\" class=\"wp-image-201\" style=\"aspect-ratio:1;width:95px;height:auto\" srcset=\"https:\/\/starokatoliki.si\/wp-content\/uploads\/2023\/10\/FB_IMG_1697691490693-1.jpg 451w, https:\/\/starokatoliki.si\/wp-content\/uploads\/2023\/10\/FB_IMG_1697691490693-1-260x300.jpg 260w\" sizes=\"auto, (max-width: 451px) 100vw, 451px\" \/><\/a><\/figure>\n<\/div>\n\n\n<h5 class=\"wp-block-heading has-text-align-center has-black-color has-text-color\" style=\"font-size:18px\">\u017dupnija Sv. Luka<\/h5>\n\n\n\n<p class=\"has-text-align-center has-black-color has-text-color\" style=\"font-size:14px\">\u017dupnija s srcem in du\u0161o. Vabljeni, da se nam pridru\u017eite, da bomo skupaj \u010dastili Gospoda.<\/p>\n\n\n\n<div style=\"height:25px\" aria-hidden=\"true\" class=\"wp-block-spacer\"><\/div>\n<\/div>\n\n\n\n<div class=\"wp-block-column is-layout-flow wp-block-column-is-layout-flow\"><div class=\"wp-block-image\">\n<figure class=\"aligncenter size-full is-resized\"><a href=\"https:\/\/starokatoliki.si\/index.php\/karitativnost\/\"><img loading=\"lazy\" decoding=\"async\" width=\"358\" height=\"340\" src=\"https:\/\/starokatoliki.si\/wp-content\/uploads\/2023\/10\/Karitativnost-foto.jpg\" alt=\"\" class=\"wp-image-203\" style=\"aspect-ratio:1;width:95px;height:auto\" srcset=\"https:\/\/starokatoliki.si\/wp-content\/uploads\/2023\/10\/Karitativnost-foto.jpg 358w, https:\/\/starokatoliki.si\/wp-content\/uploads\/2023\/10\/Karitativnost-foto-300x285.jpg 300w\" sizes=\"auto, (max-width: 358px) 100vw, 358px\" \/><\/a><\/figure>\n<\/div>\n\n\n<h5 class=\"wp-block-heading has-text-align-center has-black-color has-text-color\" style=\"font-size:18px\">Karitativnost<\/h5>\n\n\n\n<p class=\"has-text-align-center has-black-color has-text-color\" style=\"font-size:14px\">Dobra dela so del na\u0161ega poslanstva in skupnosti. Vabimo vas, da pomagate skupaj z nami.<\/p>\n\n\n\n<div style=\"height:25px\" aria-hidden=\"true\" class=\"wp-block-spacer\"><\/div>\n<\/div>\n\n\n\n<div class=\"wp-block-column is-layout-flow wp-block-column-is-layout-flow\"><div class=\"wp-block-image\">\n<figure class=\"aligncenter size-large is-resized\"><a href=\"https:\/\/starokatoliki.si\/index.php\/sinodalni-svet\/\"><img loading=\"lazy\" decoding=\"async\" width=\"1024\" height=\"1024\" src=\"https:\/\/starokatoliki.si\/wp-content\/uploads\/2023\/10\/logo-1024x1024.jpeg\" alt=\"\" class=\"wp-image-23\" style=\"aspect-ratio:1;width:100px;height:auto\" srcset=\"https:\/\/starokatoliki.si\/wp-content\/uploads\/2023\/10\/logo-1024x1024.jpeg 1024w, https:\/\/starokatoliki.si\/wp-content\/uploads\/2023\/10\/logo-300x300.jpeg 300w, https:\/\/starokatoliki.si\/wp-content\/uploads\/2023\/10\/logo-150x150.jpeg 150w, https:\/\/starokatoliki.si\/wp-content\/uploads\/2023\/10\/logo-768x769.jpeg 768w, https:\/\/starokatoliki.si\/wp-content\/uploads\/2023\/10\/logo.jpeg 1145w\" sizes=\"auto, (max-width: 1024px) 100vw, 1024px\" \/><\/a><\/figure>\n<\/div>\n\n\n<h5 class=\"wp-block-heading has-text-align-center has-black-color has-text-color\" style=\"font-size:18px\">Sinodalni svet<\/h5>\n\n\n\n<p class=\"has-text-align-center\" style=\"font-size:14px\">Oglejte si kdo predstavlja cerkveni sinodalni svet.<\/p>\n<\/div>\n<\/div>\n<\/div><\/div>\n\n\n\n<p class=\"has-text-align-center has-black-color has-white-background-color has-text-color has-background\"><p class=\"has-text-align-center has-black-color has-white-background-color has-text-color has-background\" style=\"text-align: justify;\">Starokatoli\u0161ka Cerkev v Sloveniji Utrechtske Izjave je naslednica ugasle Starokatoli\u0161ke Cerkve v Sloveniji, katere \u0161kof je bil dr. Radovan Jo\u0161t, v nauku in tradiciji starokatoli\u0161kega gibanja. Sedaj v Sloveniji deluje ena \u017eupnija in sicer \u017eupnija Svetega Luke Maribor, ki jo vodi \u017eupnik mag. Milan \u0160krobar.<\/p><\/p>\n\n\n\n<p class=\"has-text-align-center has-black-color has-white-background-color has-text-color has-background\"><p class=\"has-text-align-center has-black-color has-white-background-color has-text-color has-background\" style=\"text-align: justify;\">Malo\u0161tevilno ob\u010destvo je tesno povezano med seboj in ohranja tesne stike z drugimi \u010dlanicami Utrechtske unije.<\/p><\/p>\n\n\n\n<p class=\"has-text-align-center has-black-color has-white-background-color has-text-color has-background\"><p class=\"has-text-align-center has-black-color has-white-background-color has-text-color has-background\" style=\"text-align: justify;\">Starokatoli\u0161ke cerkve po svetu so med seboj povezane v Utrechtski uniji. Unija je bila ustanovljena na sre\u010danju starokatoli\u0161kih \u0161kofov iz Nizozemske, Nem\u010dije in \u0160vice septembra 1889 v Utrechtu. Unija temelji na treh temeljnih dokumentih pod skupnim imenom Utrechtska konvencija. Izjavlja, da cerkve v uniji delujejo v polnem cerkvenem ob\u010destvu, da so vse cerkve unije edinstvene v ohranjanju vere in obi\u010dajev nerazdeljene cerkve iz prvega tiso\u010dletja in da je ustanovljena Mednarodna \u0161kofovska konferenca (IBC), ki ohranja medsebojne stike.<\/p><\/p>\n\n\n\n<h2 class=\"wp-block-heading\">\u010ce imate vpra\u0161anje, nam po\u0161ljite sporo\u010dilo<\/h2>\n\n\n<div class='fluentform ff-default fluentform_wrapper_1  ff_guten_block ff_guten_block-1 ffs_default_wrap'><form data-form_id=\"1\" id=\"fluentform_1\" class=\"frm-fluent-form fluent_form_1 ff-el-form-top ff_form_instance_1_1 ff-form-loading ffs_default\" data-form_instance=\"ff_form_instance_1_1\" method=\"POST\" ><fieldset  style=\"border: none!important;margin: 0!important;padding: 0!important;background-color: transparent!important;box-shadow: none!important;outline: none!important; min-inline-size: 100%;\">\n                    <legend class=\"ff_screen_reader_title\" style=\"display: block; margin: 0!important;padding: 0!important;height: 0!important;text-indent: -999999px;width: 0!important;overflow:hidden;\">Osnovni kontakt<\/legend><p style=\"display: none !important;\" class=\"akismet-fields-container\" data-prefix=\"ak_\"><label>&#916;<textarea name=\"ak_hp_textarea\" cols=\"45\" rows=\"8\" maxlength=\"100\"><\/textarea><\/label><input type=\"hidden\" id=\"ak_js_1\" name=\"ak_js\" value=\"173\"\/><script>document.getElementById( \"ak_js_1\" ).setAttribute( \"value\", ( new Date() ).getTime() );<\/script><\/p><input type='hidden' name='__fluent_form_embded_post_id' value='13' \/><input type=\"hidden\" id=\"_fluentform_1_fluentformnonce\" name=\"_fluentform_1_fluentformnonce\" value=\"2ed9d5a76e\" \/><input type=\"hidden\" name=\"_wp_http_referer\" value=\"\/index.php\/wp-json\/wp\/v2\/pages\/13\" \/><div data-type=\"name-element\" data-name=\"names\" class=\" ff-field_container ff-name-field-wrapper\" ><div class='ff-t-container'><div class='ff-t-cell '><div class='ff-el-group'><div class=\"ff-el-input--label ff-el-is-required asterisk-right\"><label for='ff_1_names_first_name_' id='label_ff_1_names_first_name_' >Ime<\/label><\/div><div class='ff-el-input--content'><input type=\"text\" name=\"names[first_name]\" id=\"ff_1_names_first_name_\" class=\"ff-el-form-control\" aria-invalid=\"false\" aria-required=true><\/div><\/div><\/div><div class='ff-t-cell '><div class='ff-el-group'><div class=\"ff-el-input--label ff-el-is-required asterisk-right\"><label for='ff_1_names_last_name_' id='label_ff_1_names_last_name_' >Priimek<\/label><\/div><div class='ff-el-input--content'><input type=\"text\" name=\"names[last_name]\" id=\"ff_1_names_last_name_\" class=\"ff-el-form-control\" aria-invalid=\"false\" aria-required=true><\/div><\/div><\/div><\/div><\/div><div class='ff-el-group'><div class=\"ff-el-input--label ff-el-is-required asterisk-right\"><label for='ff_1_email' id='label_ff_1_email' aria-label=\"E-po\u0161ta\">E-po\u0161ta<\/label><\/div><div class='ff-el-input--content'><input type=\"email\" name=\"email\" id=\"ff_1_email\" class=\"ff-el-form-control\" data-name=\"email\"  aria-invalid=\"false\" aria-required=true><\/div><\/div><div class='ff-el-group'><div class=\"ff-el-input--label asterisk-right\"><label for='ff_1_subject' id='label_ff_1_subject' aria-label=\"Naslov\">Naslov<\/label><\/div><div class='ff-el-input--content'><input type=\"text\" name=\"subject\" class=\"ff-el-form-control\" data-name=\"subject\" id=\"ff_1_subject\"  aria-invalid=\"false\" aria-required=false><\/div><\/div><div class='ff-el-group'><div class=\"ff-el-input--label ff-el-is-required asterisk-right\"><label for='ff_1_message' id='label_ff_1_message' aria-label=\"Va\u0161e sporo\u010dilo\">Va\u0161e sporo\u010dilo<\/label><\/div><div class='ff-el-input--content'><textarea aria-required=\"true\" aria-labelledby=\"label_ff_1_message\" name=\"message\" id=\"ff_1_message\" class=\"ff-el-form-control\" rows=\"4\" cols=\"2\" data-name=\"message\" ><\/textarea><\/div><\/div><div class='ff-el-group    ff-el-input--content'><div class='ff-el-form-check ff-el-tc'><label aria-label='Strinjam se, da to spletno mesto shrani moje poslane podatke, da lahko odgovorijo na mojo poizvedbo. I consent to have this website store my submitted information so they can respond to my inquiry. Ich bin damit einverstanden, dass diese Website meine \u00fcbermittelten Informationen speichert, damit auf meine Anfrage reagiert werden kann' class='ff-el-form-check-label ff_tc_label' for=gdpr-agreement_0d4b2dce90df5b75dce2f407a64d8b1f><span class='ff_tc_checkbox'><input type=\"checkbox\" name=\"gdpr-agreement\" class=\"ff-el-form-check-input ff_gdpr_field\" data-name=\"gdpr-agreement\" id=\"gdpr-agreement_0d4b2dce90df5b75dce2f407a64d8b1f\"  value='on' aria-invalid='false' aria-required=true><\/span> <div class='ff_t_c'>Strinjam se, da to spletno mesto shrani moje poslane podatke, da lahko odgovorijo na mojo poizvedbo. I consent to have this website store my submitted information so they can respond to my inquiry. Ich bin damit einverstanden, dass diese Website meine \u00fcbermittelten Informationen speichert, damit auf meine Anfrage reagiert werden kann<\/div><\/label><\/div><\/div><div class='ff-el-group ff-text-left ff_submit_btn_wrapper'><button type=\"submit\" class=\"ff-btn ff-btn-submit ff-btn-md ff_btn_style\"  aria-label=\"PO\u0160LJI\">PO\u0160LJI<\/button><\/div><\/fieldset><\/form><div id='fluentform_1_errors' class='ff-errors-in-stack ff_form_instance_1_1 ff-form-loading_errors ff_form_instance_1_1_errors'><\/div><\/div>            <script type=\"text\/javascript\">\n                window.fluent_form_ff_form_instance_1_1 = {\"id\":\"1\",\"settings\":{\"layout\":{\"labelPlacement\":\"top\",\"helpMessagePlacement\":\"with_label\",\"errorMessagePlacement\":\"inline\",\"cssClassName\":\"\",\"asteriskPlacement\":\"asterisk-right\"},\"restrictions\":{\"denyEmptySubmission\":{\"enabled\":false}}},\"form_instance\":\"ff_form_instance_1_1\",\"form_id_selector\":\"fluentform_1\",\"rules\":{\"names[first_name]\":{\"required\":{\"value\":true,\"message\":\"This field is required\"}},\"names[middle_name]\":{\"required\":{\"value\":false,\"message\":\"This field is required\"}},\"names[last_name]\":{\"required\":{\"value\":true,\"message\":\"This field is required\"}},\"email\":{\"required\":{\"value\":true,\"message\":\"This field is required\"},\"email\":{\"value\":true,\"message\":\"This field must contain a valid email\"}},\"subject\":{\"required\":{\"value\":false,\"message\":\"This field is required\"}},\"message\":{\"required\":{\"value\":true,\"message\":\"This field is required\"}},\"gdpr-agreement\":{\"required\":{\"value\":true,\"message\":\"This field is required\"}}},\"debounce_time\":300};\n                            <\/script>\n            ","protected":false},"excerpt":{"rendered":"<p>Starokatoli\u0161ka Cerkev v Sloveniji Utrechtske Izjave je naslednica ugasle Starokatoli\u0161ke Cerkve v Sloveniji, katere \u0161kof je bil dr. Radovan Jo\u0161t, v nauku in tradiciji starokatoli\u0161kega gibanja. Sedaj v Sloveniji deluje ena \u017eupnija in sicer \u017eupnija Svetega Luke Maribor, ki jo vodi \u017eupnik mag. Milan \u0160krobar. Malo\u0161tevilno ob\u010destvo je tesno povezano [&hellip;]<\/p>\n","protected":false},"author":1,"featured_media":0,"parent":0,"menu_order":0,"comment_status":"closed","ping_status":"closed","template":"","meta":{"_price":"","_stock":"","_tribe_ticket_header":"","_tribe_default_ticket_provider":"","_tribe_ticket_capacity":"0","_ticket_start_date":"","_ticket_end_date":"","_tribe_ticket_show_description":"","_tribe_ticket_show_not_going":false,"_tribe_ticket_use_global_stock":"","_tribe_ticket_global_stock_level":"","_global_stock_mode":"","_global_stock_cap":"","_tribe_rsvp_for_event":"","_tribe_ticket_going_count":"","_tribe_ticket_not_going_count":"","_tribe_tickets_list":"[]","_tribe_ticket_has_attendee_info_fields":false,"_themeisle_gutenberg_block_has_review":false,"footnotes":"","_tec_slr_enabled":"","_tec_slr_layout":""},"class_list":["post-13","page","type-page","status-publish","hentry"],"ticketed":false,"_links":{"self":[{"href":"https:\/\/starokatoliki.si\/index.php\/wp-json\/wp\/v2\/pages\/13","targetHints":{"allow":["GET"]}}],"collection":[{"href":"https:\/\/starokatoliki.si\/index.php\/wp-json\/wp\/v2\/pages"}],"about":[{"href":"https:\/\/starokatoliki.si\/index.php\/wp-json\/wp\/v2\/types\/page"}],"author":[{"embeddable":true,"href":"https:\/\/starokatoliki.si\/index.php\/wp-json\/wp\/v2\/users\/1"}],"replies":[{"embeddable":true,"href":"https:\/\/starokatoliki.si\/index.php\/wp-json\/wp\/v2\/comments?post=13"}],"version-history":[{"count":30,"href":"https:\/\/starokatoliki.si\/index.php\/wp-json\/wp\/v2\/pages\/13\/revisions"}],"predecessor-version":[{"id":844,"href":"https:\/\/starokatoliki.si\/index.php\/wp-json\/wp\/v2\/pages\/13\/revisions\/844"}],"wp:attachment":[{"href":"https:\/\/starokatoliki.si\/index.php\/wp-json\/wp\/v2\/media?parent=13"}],"curies":[{"name":"wp","href":"https:\/\/api.w.org\/{rel}","templated":true}]}}