{"id":140,"date":"2023-10-27T20:22:39","date_gmt":"2023-10-27T20:22:39","guid":{"rendered":"https:\/\/starokatoliki.si\/?page_id=140"},"modified":"2025-09-06T08:50:46","modified_gmt":"2025-09-06T07:50:46","slug":"sinodalni-svet","status":"publish","type":"page","link":"https:\/\/starokatoliki.si\/index.php\/sinodalni-svet\/","title":{"rendered":"Sinodalni svet"},"content":{"rendered":"\n<div class=\"wp-block-group has-ti-fg-alt-color has-ti-bg-inv-background-color has-text-color has-background\" style=\"margin-top:0px;margin-bottom:0px;padding-top:64px;padding-bottom:64px\"><div class=\"wp-block-group__inner-container is-layout-constrained wp-container-core-group-is-layout-5edc43e1 wp-block-group-is-layout-constrained\">\n<div class=\"wp-block-group\"><div class=\"wp-block-group__inner-container is-layout-constrained wp-block-group-is-layout-constrained\">\n<div class=\"wp-block-columns is-layout-flex wp-container-core-columns-is-layout-28f84493 wp-block-columns-is-layout-flex\">\n<div class=\"wp-block-column is-layout-flow wp-block-column-is-layout-flow\" style=\"flex-basis:15%\"><\/div>\n\n\n\n<div class=\"wp-block-column is-layout-flow wp-block-column-is-layout-flow\" style=\"flex-basis:70%\">\n<h2 class=\"wp-block-heading has-text-align-center\">\u010clanice in \u010dlani sinodalnega sveta<\/h2>\n\n\n\n<p class=\"has-text-align-center has-medium-font-size\">Starokatoli\u0161ke Cerkve v Sloveniji Utrechtske Izjave<\/p>\n<\/div>\n\n\n\n<div class=\"wp-block-column is-layout-flow wp-block-column-is-layout-flow\" style=\"flex-basis:15%\"><\/div>\n<\/div>\n<\/div><\/div>\n\n\n\n<div class=\"wp-block-media-text alignwide is-stacked-on-mobile\" style=\"grid-template-columns:32% auto\"><figure class=\"wp-block-media-text__media\"><img loading=\"lazy\" decoding=\"async\" width=\"370\" height=\"544\" src=\"https:\/\/starokatoliki.si\/wp-content\/uploads\/2023\/10\/395089508_6720803774706174_6744551245894158966_n-1.jpg\" alt=\"\" class=\"wp-image-168 size-full\" srcset=\"https:\/\/starokatoliki.si\/wp-content\/uploads\/2023\/10\/395089508_6720803774706174_6744551245894158966_n-1.jpg 370w, https:\/\/starokatoliki.si\/wp-content\/uploads\/2023\/10\/395089508_6720803774706174_6744551245894158966_n-1-204x300.jpg 204w\" sizes=\"auto, (max-width: 370px) 100vw, 370px\" \/><\/figure><div class=\"wp-block-media-text__content\">\n<h2 class=\"wp-block-heading\">Sebastijan Mravlek<\/h2>\n\n\n\n<p>Predsednik sinodalnega sveta Starokatoli\u0161ke Cerkve v Sloveniji Utrechtske Izjave.<\/p>\n<\/div><\/div>\n\n\n\n<p><\/p>\n\n\n\n<div class=\"wp-block-media-text alignwide has-media-on-the-right is-stacked-on-mobile\" style=\"grid-template-columns:auto 39%\"><div class=\"wp-block-media-text__content\">\n<h2 class=\"wp-block-heading\">\u017dupnik mag. Milan \u0160krobar<\/h2>\n\n\n\n<p>Zadol\u017een za vodenje \u017eupnije Sv. Luka v Mariboru Starokatoli\u0161ke Cerkve v Sloveniji Utrechtske Izjave.<\/p>\n<\/div><figure class=\"wp-block-media-text__media\"><img loading=\"lazy\" decoding=\"async\" width=\"1024\" height=\"1024\" src=\"https:\/\/starokatoliki.si\/wp-content\/uploads\/2023\/10\/394220473_6720801218039763_386692004056976925_n-1-1024x1024.jpg\" alt=\"\" class=\"wp-image-169 size-full\" srcset=\"https:\/\/starokatoliki.si\/wp-content\/uploads\/2023\/10\/394220473_6720801218039763_386692004056976925_n-1-1024x1024.jpg 1024w, https:\/\/starokatoliki.si\/wp-content\/uploads\/2023\/10\/394220473_6720801218039763_386692004056976925_n-1-300x300.jpg 300w, https:\/\/starokatoliki.si\/wp-content\/uploads\/2023\/10\/394220473_6720801218039763_386692004056976925_n-1-150x150.jpg 150w, https:\/\/starokatoliki.si\/wp-content\/uploads\/2023\/10\/394220473_6720801218039763_386692004056976925_n-1-768x768.jpg 768w, https:\/\/starokatoliki.si\/wp-content\/uploads\/2023\/10\/394220473_6720801218039763_386692004056976925_n-1-1536x1536.jpg 1536w, https:\/\/starokatoliki.si\/wp-content\/uploads\/2023\/10\/394220473_6720801218039763_386692004056976925_n-1.jpg 2048w\" sizes=\"auto, (max-width: 1024px) 100vw, 1024px\" \/><\/figure><\/div>\n\n\n\n<div class=\"wp-block-media-text alignwide is-stacked-on-mobile\" style=\"grid-template-columns:22% auto\"><figure class=\"wp-block-media-text__media\"><img loading=\"lazy\" decoding=\"async\" width=\"528\" height=\"1024\" src=\"https:\/\/starokatoliki.si\/wp-content\/uploads\/2023\/10\/395783600_6720801058039779_5396067652343547936_n-1-528x1024.jpg\" alt=\"\" class=\"wp-image-170 size-full\" srcset=\"https:\/\/starokatoliki.si\/wp-content\/uploads\/2023\/10\/395783600_6720801058039779_5396067652343547936_n-1-528x1024.jpg 528w, https:\/\/starokatoliki.si\/wp-content\/uploads\/2023\/10\/395783600_6720801058039779_5396067652343547936_n-1-155x300.jpg 155w, https:\/\/starokatoliki.si\/wp-content\/uploads\/2023\/10\/395783600_6720801058039779_5396067652343547936_n-1-768x1489.jpg 768w, https:\/\/starokatoliki.si\/wp-content\/uploads\/2023\/10\/395783600_6720801058039779_5396067652343547936_n-1-792x1536.jpg 792w, https:\/\/starokatoliki.si\/wp-content\/uploads\/2023\/10\/395783600_6720801058039779_5396067652343547936_n-1.jpg 990w\" sizes=\"auto, (max-width: 528px) 100vw, 528px\" \/><\/figure><div class=\"wp-block-media-text__content\">\n<h2 class=\"wp-block-heading\">Diakon Jure \u017dnidari\u010d, B.Th.<\/h2>\n\n\n\n<p>Tajnik sinodalnega sveta Starokatoli\u0161ke Cerkve v Sloveniji Utrechtske Izjave.<\/p>\n<\/div><\/div>\n\n\n\n<div class=\"wp-block-media-text alignwide has-media-on-the-right is-stacked-on-mobile\" style=\"grid-template-columns:auto 35%\"><div class=\"wp-block-media-text__content\">\n<h2 class=\"wp-block-heading\">mag. Erich Ickelheimer<\/h2>\n\n\n\n<p>Zadol\u017een za teolo\u0161ko liturgi\u010dna vpra\u0161anja pri Starokatoli\u0161ki Cerkvi Slovenije Utrechtske Izjave.<\/p>\n<\/div><figure class=\"wp-block-media-text__media\"><img loading=\"lazy\" decoding=\"async\" width=\"768\" height=\"1024\" src=\"https:\/\/starokatoliki.si\/wp-content\/uploads\/2023\/10\/394217913_6720800914706460_1730220092284239572_n-768x1024.jpg\" alt=\"\" class=\"wp-image-171 size-full\" srcset=\"https:\/\/starokatoliki.si\/wp-content\/uploads\/2023\/10\/394217913_6720800914706460_1730220092284239572_n-768x1024.jpg 768w, https:\/\/starokatoliki.si\/wp-content\/uploads\/2023\/10\/394217913_6720800914706460_1730220092284239572_n-225x300.jpg 225w, https:\/\/starokatoliki.si\/wp-content\/uploads\/2023\/10\/394217913_6720800914706460_1730220092284239572_n-1152x1536.jpg 1152w, https:\/\/starokatoliki.si\/wp-content\/uploads\/2023\/10\/394217913_6720800914706460_1730220092284239572_n.jpg 1536w\" sizes=\"auto, (max-width: 768px) 100vw, 768px\" \/><\/figure><\/div>\n\n\n\n<div class=\"wp-block-media-text alignwide is-stacked-on-mobile\" style=\"grid-template-columns:26% auto\"><figure class=\"wp-block-media-text__media\"><img loading=\"lazy\" decoding=\"async\" width=\"438\" height=\"696\" src=\"https:\/\/starokatoliki.si\/wp-content\/uploads\/2023\/10\/395117742_6720797534706798_2669850192189311833_n.jpg\" alt=\"\" class=\"wp-image-172 size-full\" srcset=\"https:\/\/starokatoliki.si\/wp-content\/uploads\/2023\/10\/395117742_6720797534706798_2669850192189311833_n.jpg 438w, https:\/\/starokatoliki.si\/wp-content\/uploads\/2023\/10\/395117742_6720797534706798_2669850192189311833_n-189x300.jpg 189w\" sizes=\"auto, (max-width: 438px) 100vw, 438px\" \/><\/figure><div class=\"wp-block-media-text__content\">\n<h2 class=\"wp-block-heading\">Suzi Mravlek<\/h2>\n\n\n\n<p>\u010clanica sinodalnega sveta Starokatoli\u0161ke Cerkve v Sloveniji Utrechtske Izjave.<\/p>\n\n\n\n<p><\/p>\n<\/div><\/div>\n\n\n\n<div class=\"wp-block-media-text alignwide has-media-on-the-right is-stacked-on-mobile\" style=\"grid-template-columns:auto 33%\"><div class=\"wp-block-media-text__content\">\n<h2 class=\"wp-block-heading\">Metka \u017dnidari\u010d<\/h2>\n\n\n\n<p>\u010clanica sinodalnega sveta Starokatoli\u0161ke Cerkve v Sloveniji Utrechtske Izjave.<\/p>\n<\/div><figure class=\"wp-block-media-text__media\"><img loading=\"lazy\" decoding=\"async\" width=\"375\" height=\"563\" src=\"https:\/\/starokatoliki.si\/wp-content\/uploads\/2023\/10\/395052767_6720797721373446_5079058576441837516_n.jpg\" alt=\"\" class=\"wp-image-174 size-full\" srcset=\"https:\/\/starokatoliki.si\/wp-content\/uploads\/2023\/10\/395052767_6720797721373446_5079058576441837516_n.jpg 375w, https:\/\/starokatoliki.si\/wp-content\/uploads\/2023\/10\/395052767_6720797721373446_5079058576441837516_n-200x300.jpg 200w\" sizes=\"auto, (max-width: 375px) 100vw, 375px\" \/><\/figure><\/div>\n\n\n\n<div class=\"wp-block-media-text alignwide is-stacked-on-mobile\" style=\"grid-template-columns:34% auto\"><figure class=\"wp-block-media-text__media\"><img loading=\"lazy\" decoding=\"async\" width=\"187\" height=\"280\" src=\"https:\/\/starokatoliki.si\/wp-content\/uploads\/2023\/10\/395146039_6720797664706785_1310933651173130438_n.jpg\" alt=\"\" class=\"wp-image-176 size-full\"\/><\/figure><div class=\"wp-block-media-text__content\">\n<h2 class=\"wp-block-heading\">Meri \u0160migoc<\/h2>\n\n\n\n<p>\u010clanica sinodalnega sveta Starokatoli\u0161ke Cerkve v Sloveniji Utrechtske Izjave.<\/p>\n<\/div><\/div>\n<\/div><\/div>\n","protected":false},"excerpt":{"rendered":"<p>\u010clanice in \u010dlani sinodalnega sveta Starokatoli\u0161ke Cerkve v Sloveniji Utrechtske Izjave Sebastijan Mravlek Predsednik sinodalnega sveta Starokatoli\u0161ke Cerkve v Sloveniji Utrechtske Izjave. \u017dupnik mag. Milan \u0160krobar Zadol\u017een za vodenje \u017eupnije Sv. Luka v Mariboru Starokatoli\u0161ke Cerkve v Sloveniji Utrechtske Izjave. Diakon Jure \u017dnidari\u010d, B.Th. Tajnik sinodalnega sveta Starokatoli\u0161ke Cerkve v [&hellip;]<\/p>\n","protected":false},"author":1,"featured_media":0,"parent":0,"menu_order":0,"comment_status":"closed","ping_status":"closed","template":"","meta":{"_price":"","_stock":"","_tribe_ticket_header":"","_tribe_default_ticket_provider":"","_tribe_ticket_capacity":"0","_ticket_start_date":"","_ticket_end_date":"","_tribe_ticket_show_description":"","_tribe_ticket_show_not_going":false,"_tribe_ticket_use_global_stock":"","_tribe_ticket_global_stock_level":"","_global_stock_mode":"","_global_stock_cap":"","_tribe_rsvp_for_event":"","_tribe_ticket_going_count":"","_tribe_ticket_not_going_count":"","_tribe_tickets_list":"[]","_tribe_ticket_has_attendee_info_fields":false,"_themeisle_gutenberg_block_has_review":false,"footnotes":"","_tec_slr_enabled":"","_tec_slr_layout":""},"class_list":["post-140","page","type-page","status-publish","hentry"],"ticketed":false,"_links":{"self":[{"href":"https:\/\/starokatoliki.si\/index.php\/wp-json\/wp\/v2\/pages\/140","targetHints":{"allow":["GET"]}}],"collection":[{"href":"https:\/\/starokatoliki.si\/index.php\/wp-json\/wp\/v2\/pages"}],"about":[{"href":"https:\/\/starokatoliki.si\/index.php\/wp-json\/wp\/v2\/types\/page"}],"author":[{"embeddable":true,"href":"https:\/\/starokatoliki.si\/index.php\/wp-json\/wp\/v2\/users\/1"}],"replies":[{"embeddable":true,"href":"https:\/\/starokatoliki.si\/index.php\/wp-json\/wp\/v2\/comments?post=140"}],"version-history":[{"count":13,"href":"https:\/\/starokatoliki.si\/index.php\/wp-json\/wp\/v2\/pages\/140\/revisions"}],"predecessor-version":[{"id":835,"href":"https:\/\/starokatoliki.si\/index.php\/wp-json\/wp\/v2\/pages\/140\/revisions\/835"}],"wp:attachment":[{"href":"https:\/\/starokatoliki.si\/index.php\/wp-json\/wp\/v2\/media?parent=140"}],"curies":[{"name":"wp","href":"https:\/\/api.w.org\/{rel}","templated":true}]}}