{"id":253,"date":"2023-10-30T16:18:11","date_gmt":"2023-10-30T16:18:11","guid":{"rendered":"https:\/\/starokatoliki.si\/?page_id=253"},"modified":"2023-10-30T16:18:11","modified_gmt":"2023-10-30T16:18:11","slug":"utrechtska-izjava","status":"publish","type":"page","link":"https:\/\/starokatoliki.si\/index.php\/utrechtska-izjava\/","title":{"rendered":"Utrechtska izjava"},"content":{"rendered":"\n<p><strong>Utrechtska deklaracija z dne 24. september 1889<\/strong><\/p>\n\n\n\n<h1 class=\"wp-block-heading\">Prvi\u010d<\/h1>\n\n\n\n<p>Dr\u017eimo se na\u010dela zgodnje Cerkve, ki ga je Vincencij iz Lerina izrazil v stavku :<strong> Id teneamus, quod ubique, quod semper, quod ab omnibus creditum est; hoc est etenim vere proprieque catholicum ( Dr\u017eimo se tistega, kar se je vedno verovalo, povsod in pri vseh; saj je to resni\u010dno katoli\u0161ko. ) <\/strong>Zato se trdno dr\u017eimo vere starodavne Cerkve, kot je izra\u017eena v ekumenskih simbolih in splo\u0161no sprejetih dogmati\u010dnih odlo\u010ditvah ekumenskih sinod nerazdeljene Cerkve prvega tiso\u010dletja.<\/p>\n\n\n\n<h1 class=\"wp-block-heading\">Drugi\u010d<\/h1>\n\n\n\n<p>Vatikanske dekrete z dne 18. julija 1870 o nezmotljivosti in univerzalnem episkopatu ali cerkveni vsemogo\u010dnosti rimskega pape\u017ea zavra\u010damo kot nasprotne veri starodavne Cerkve in uni\u010dujo\u010de za zgodnjo cerkveno konstitucijo. Vendar nam to ne prepre\u010duje, da ne bi priznali zgodovinskega primata, saj so \u0161tevilni ekumenski koncili in o\u010detje stare Cerkve s soglasjem celotne Cerkve prvega tiso\u010dletja podelili rimskemu \u0161kofu kot <strong><em>primus iner pares<\/em><\/strong> ( prvi med enakimi ).<\/p>\n\n\n\n<h1 class=\"wp-block-heading\">Tretji\u010d<\/h1>\n\n\n\n<p>Prav tako zavra\u010damo izjavo Pija IX. iz leta 1854 o Marijinem brezmade\u017enem spo\u010detju, ki nima podlage v Svetem pismu in izro\u010dilu prvih stoletij.<\/p>\n\n\n\n<h1 class=\"wp-block-heading\">\u010cetrti\u010d<\/h1>\n\n\n\n<p>Kar zadeva druge dogmati\u010dne odloke, ki jih je izdal rimski \u0161kof v zadnjih stoletjih, bule Unigenitus,<\/p>\n\n\n\n<p>Auctorem fidei, Syllabus, iz leta 1846 itd., jih zavra\u010damo, kolikor nasprotujejo nauku starodavne<\/p>\n\n\n\n<p>Cerkve, in jih ne priznavamo kot avtoritativne. Poleg tega obnavljamo vse proteste, ki jih je Starokatoli\u0161ka cerkev na Nizozemskem \u017ee v prej\u0161njih \u010dasih izrazila proti Rimu.<\/p>\n\n\n\n<h1 class=\"wp-block-heading\">Peti\u010d<\/h1>\n\n\n\n<p>Tridentinskega koncila v njegovih dogmati\u010dnih odlo\u010ditvah glede discipline ne sprejemamo, njegove dogmati\u010dne odlo\u010ditve pa sprejemamo le, \u010de se skladajo z naukom starodavne Cerkve.<\/p>\n\n\n\n<h1 class=\"wp-block-heading\">\u0160esti\u010d<\/h1>\n\n\n\n<p>Glede na to, da je bila sveta evharistija vedno pravo sredi\u0161\u010de bogoslu\u017eja v Katoli\u0161ki cerkvi, menimo, da je na\u0161a dol\u017enost tudi, da izjavimo, da se zvesto dr\u017eimo starodavne katoli\u0161ke vere v sveti zakrament oltarja in verujemo, da prejemamo telo in kri na\u0161ega Gospoda Jezusa Kristusa pod podobo kruha in vina. Evharisti\u010dno praznovanje v Cerkvi ni nenehno ponavljanje ali obnavljanje spravne daritve, ki jo je Kristus enkrat za vselej daroval na kri\u017eu, ampak je njen \u017ertveni zna\u010daj v tem, da je trajni spomin nanjo in uresni\u010devanje te Kristusove edine daritve za odre\u0161enje odkupljenega \u010dlove\u0161tva na zemlji, ki ga ( Heb 9, 11- 12 ) v nebesih nenehno opravlja Kristus, ki se zdaj zaradi nas pojavlja v Bo\u017eji navzo\u010dnosti. Ker ima evharistija tak zna\u010daj v odnosu do Kristusove \u017ertve, je hkrati tudi posve\u010dena \u017ertvena jed, pri kateri imajo verniki, ki prejemajo Gospodovo telo in kri medsebojno ob\u010destvo ( 1 Kor 10,17 ).<\/p>\n\n\n\n<h1 class=\"wp-block-heading\">Sedmi\u010d<\/h1>\n\n\n\n<p>Upamo, da bodo prizadevanja teologov uspela pri doseganju dogovora o razlikah, ki so nastale po cerkvenih lo\u010ditvah, obenem pa bodo ohranili vero nerazdeljene Cerkve. Duhovnike pod na\u0161im vodstvom spodbujamo, naj v svojih pridigah in pou\u010devanju najprej in predvsem poudarjajo bistvene kr\u0161\u010danske resnice vere, ki so skupne cerkveno lo\u010denim veroizpovedim, naj se pri razpravah o \u0161e vedno obstoje\u010dih razlikah skrbno izogibajo vsakr\u0161nemu kr\u0161enju resnice in ljubezni ter naj z besedo in zgledom u\u010dijo \u010dlane na\u0161ih skupnosti, da se do pripadnikov drugih veroizpovedi vedejo v skladu z duhom Jezusa Kristusa, ki je odre\u0161enik vseh nas.<\/p>\n\n\n\n<h1 class=\"wp-block-heading\">Osmi\u010d &nbsp;<\/h1>\n\n\n\n<p>Verjamemo, da se lahko z zvestim sledenjem nauka Jezusa Kristusa, zavra\u010danjem vseh zmot, ki so se mu po \u010dlove\u0161ki krivdi pridru\u017eile, vseh cerkvenih zlorab in hierarhi\u010dnih te\u017eenj najuspe\u0161neje zoperstavimo neveri in verski brezbri\u017enosti, najhuj\u0161emu zlu na\u0161ega \u010dasa.<\/p>\n\n\n\n<p>Utrecht, 24. september 1889<\/p>\n\n\n\n<p><strong>+ <\/strong>Heykamp<\/p>\n\n\n\n<p><strong>+ <\/strong>Rinkel<\/p>\n\n\n\n<p><strong>+ <\/strong>Diependaal<\/p>\n\n\n\n<p><strong>+ <\/strong>Reinkens<\/p>\n\n\n\n<p><strong>+ <\/strong>Herzog<\/p>\n","protected":false},"excerpt":{"rendered":"<p>Utrechtska deklaracija z dne 24. september 1889 Prvi\u010d Dr\u017eimo se na\u010dela zgodnje Cerkve, ki ga je Vincencij iz Lerina izrazil v stavku : Id teneamus, quod ubique, quod semper, quod ab omnibus creditum est; hoc est etenim vere proprieque catholicum ( Dr\u017eimo se tistega, kar se je vedno verovalo, povsod [&hellip;]<\/p>\n","protected":false},"author":1,"featured_media":0,"parent":0,"menu_order":0,"comment_status":"closed","ping_status":"closed","template":"","meta":{"_price":"","_stock":"","_tribe_ticket_header":"","_tribe_default_ticket_provider":"","_tribe_ticket_capacity":"0","_ticket_start_date":"","_ticket_end_date":"","_tribe_ticket_show_description":"","_tribe_ticket_show_not_going":false,"_tribe_ticket_use_global_stock":"","_tribe_ticket_global_stock_level":"","_global_stock_mode":"","_global_stock_cap":"","_tribe_rsvp_for_event":"","_tribe_ticket_going_count":"","_tribe_ticket_not_going_count":"","_tribe_tickets_list":"[]","_tribe_ticket_has_attendee_info_fields":false,"_themeisle_gutenberg_block_has_review":false,"footnotes":"","_tec_slr_enabled":"","_tec_slr_layout":""},"class_list":["post-253","page","type-page","status-publish","hentry"],"ticketed":false,"_links":{"self":[{"href":"https:\/\/starokatoliki.si\/index.php\/wp-json\/wp\/v2\/pages\/253","targetHints":{"allow":["GET"]}}],"collection":[{"href":"https:\/\/starokatoliki.si\/index.php\/wp-json\/wp\/v2\/pages"}],"about":[{"href":"https:\/\/starokatoliki.si\/index.php\/wp-json\/wp\/v2\/types\/page"}],"author":[{"embeddable":true,"href":"https:\/\/starokatoliki.si\/index.php\/wp-json\/wp\/v2\/users\/1"}],"replies":[{"embeddable":true,"href":"https:\/\/starokatoliki.si\/index.php\/wp-json\/wp\/v2\/comments?post=253"}],"version-history":[{"count":1,"href":"https:\/\/starokatoliki.si\/index.php\/wp-json\/wp\/v2\/pages\/253\/revisions"}],"predecessor-version":[{"id":254,"href":"https:\/\/starokatoliki.si\/index.php\/wp-json\/wp\/v2\/pages\/253\/revisions\/254"}],"wp:attachment":[{"href":"https:\/\/starokatoliki.si\/index.php\/wp-json\/wp\/v2\/media?parent=253"}],"curies":[{"name":"wp","href":"https:\/\/api.w.org\/{rel}","templated":true}]}}