{"id":381,"date":"2024-01-01T12:33:07","date_gmt":"2024-01-01T11:33:07","guid":{"rendered":"https:\/\/starokatoliki.si\/?page_id=381"},"modified":"2024-01-01T12:38:33","modified_gmt":"2024-01-01T11:38:33","slug":"koristne-povezave","status":"publish","type":"page","link":"https:\/\/starokatoliki.si\/index.php\/koristne-povezave\/","title":{"rendered":"Koristne povezave"},"content":{"rendered":"\n<div class=\"wp-block-group has-ti-fg-alt-color has-ti-bg-inv-background-color has-text-color has-background\" style=\"margin-top:0px;margin-bottom:0px;padding-top:64px;padding-bottom:64px\"><div class=\"wp-block-group__inner-container is-layout-constrained wp-container-core-group-is-layout-5edc43e1 wp-block-group-is-layout-constrained\">\n<div class=\"wp-block-group\"><div class=\"wp-block-group__inner-container is-layout-constrained wp-block-group-is-layout-constrained\">\n<div class=\"wp-block-columns is-layout-flex wp-container-core-columns-is-layout-28f84493 wp-block-columns-is-layout-flex\">\n<div class=\"wp-block-column is-layout-flow wp-block-column-is-layout-flow\" style=\"flex-basis:15%\"><\/div>\n\n\n\n<div class=\"wp-block-column is-layout-flow wp-block-column-is-layout-flow\" style=\"flex-basis:70%\">\n<h2 class=\"wp-block-heading has-text-align-center\">Raziskujte<\/h2>\n\n\n\n<p class=\"has-text-align-center has-medium-font-size\">Na tej strani si lahko ogledate in najdete koristne ter pomembne povezave, do razli\u010dnih spletnih strani. U\u017eivajte v raziskovanju in brskanju po povezavah. <\/p>\n<\/div>\n\n\n\n<div class=\"wp-block-column is-layout-flow wp-block-column-is-layout-flow\" style=\"flex-basis:15%\"><\/div>\n<\/div>\n\n\n\n<div class=\"wp-block-media-text alignwide is-stacked-on-mobile\"><figure class=\"wp-block-media-text__media\"><img loading=\"lazy\" decoding=\"async\" width=\"427\" height=\"94\" src=\"https:\/\/starokatoliki.si\/wp-content\/uploads\/2024\/01\/utrechtska-unija.jpg\" alt=\"\" class=\"wp-image-382 size-full\" srcset=\"https:\/\/starokatoliki.si\/wp-content\/uploads\/2024\/01\/utrechtska-unija.jpg 427w, https:\/\/starokatoliki.si\/wp-content\/uploads\/2024\/01\/utrechtska-unija-300x66.jpg 300w\" sizes=\"auto, (max-width: 427px) 100vw, 427px\" \/><\/figure><div class=\"wp-block-media-text__content\">\n<h2 class=\"wp-block-heading\">Utrechtska Unija<\/h2>\n\n\n\n<p><a href=\"https:\/\/www.utrechter-union.org\/en\/welcome\/\">Povezava na spletno stran Utrechtske Unije<\/a><\/p>\n<\/div><\/div>\n\n\n\n<div class=\"wp-block-media-text alignwide has-media-on-the-right is-stacked-on-mobile\"><div class=\"wp-block-media-text__content\">\n<h2 class=\"wp-block-heading\">Starokatoli\u0161ka Cerkev Avstrije<\/h2>\n\n\n\n<p><a href=\"https:\/\/altkatholiken.at\/\">Povezava do Starokatoli\u0161ke Cerkve v Avstriji<\/a><\/p>\n<\/div><figure class=\"wp-block-media-text__media\"><img loading=\"lazy\" decoding=\"async\" width=\"283\" height=\"260\" src=\"https:\/\/starokatoliki.si\/wp-content\/uploads\/2024\/01\/avstrijska-cerkev.jpg\" alt=\"\" class=\"wp-image-383 size-full\"\/><\/figure><\/div>\n\n\n\n<div class=\"wp-block-media-text alignwide is-stacked-on-mobile\"><figure class=\"wp-block-media-text__media\"><img loading=\"lazy\" decoding=\"async\" width=\"1024\" height=\"576\" src=\"https:\/\/starokatoliki.si\/wp-content\/uploads\/2024\/01\/bible-final-optim-1024x576.jpg\" alt=\"\" class=\"wp-image-387 size-full\" srcset=\"https:\/\/starokatoliki.si\/wp-content\/uploads\/2024\/01\/bible-final-optim-1024x576.jpg 1024w, https:\/\/starokatoliki.si\/wp-content\/uploads\/2024\/01\/bible-final-optim-300x169.jpg 300w, https:\/\/starokatoliki.si\/wp-content\/uploads\/2024\/01\/bible-final-optim-768x432.jpg 768w, https:\/\/starokatoliki.si\/wp-content\/uploads\/2024\/01\/bible-final-optim-1536x864.jpg 1536w, https:\/\/starokatoliki.si\/wp-content\/uploads\/2024\/01\/bible-final-optim.jpg 1920w\" sizes=\"auto, (max-width: 1024px) 100vw, 1024px\" \/><\/figure><div class=\"wp-block-media-text__content\">\n<h2 class=\"wp-block-heading\">Sveto Pismo &#8211; Biblija<\/h2>\n\n\n\n<p><a href=\"https:\/\/www.biblija.net\/biblija.cgi?Bible=Bible&amp;l=sl\">Povezava do elektronskega Svetega Pisma<\/a><\/p>\n<\/div><\/div>\n<\/div><\/div>\n<\/div><\/div>\n","protected":false},"excerpt":{"rendered":"<p>Raziskujte Na tej strani si lahko ogledate in najdete koristne ter pomembne povezave, do razli\u010dnih spletnih strani. U\u017eivajte v raziskovanju in brskanju po povezavah. Utrechtska Unija Povezava na spletno stran Utrechtske Unije Starokatoli\u0161ka Cerkev Avstrije Povezava do Starokatoli\u0161ke Cerkve v Avstriji Sveto Pismo &#8211; Biblija Povezava do elektronskega Svetega Pisma<\/p>\n","protected":false},"author":1,"featured_media":0,"parent":0,"menu_order":0,"comment_status":"closed","ping_status":"closed","template":"","meta":{"_price":"","_stock":"","_tribe_ticket_header":"","_tribe_default_ticket_provider":"","_tribe_ticket_capacity":"0","_ticket_start_date":"","_ticket_end_date":"","_tribe_ticket_show_description":"","_tribe_ticket_show_not_going":false,"_tribe_ticket_use_global_stock":"","_tribe_ticket_global_stock_level":"","_global_stock_mode":"","_global_stock_cap":"","_tribe_rsvp_for_event":"","_tribe_ticket_going_count":"","_tribe_ticket_not_going_count":"","_tribe_tickets_list":"[]","_tribe_ticket_has_attendee_info_fields":false,"_themeisle_gutenberg_block_has_review":false,"footnotes":"","_tec_slr_enabled":"","_tec_slr_layout":""},"class_list":["post-381","page","type-page","status-publish","hentry"],"ticketed":false,"_links":{"self":[{"href":"https:\/\/starokatoliki.si\/index.php\/wp-json\/wp\/v2\/pages\/381","targetHints":{"allow":["GET"]}}],"collection":[{"href":"https:\/\/starokatoliki.si\/index.php\/wp-json\/wp\/v2\/pages"}],"about":[{"href":"https:\/\/starokatoliki.si\/index.php\/wp-json\/wp\/v2\/types\/page"}],"author":[{"embeddable":true,"href":"https:\/\/starokatoliki.si\/index.php\/wp-json\/wp\/v2\/users\/1"}],"replies":[{"embeddable":true,"href":"https:\/\/starokatoliki.si\/index.php\/wp-json\/wp\/v2\/comments?post=381"}],"version-history":[{"count":3,"href":"https:\/\/starokatoliki.si\/index.php\/wp-json\/wp\/v2\/pages\/381\/revisions"}],"predecessor-version":[{"id":389,"href":"https:\/\/starokatoliki.si\/index.php\/wp-json\/wp\/v2\/pages\/381\/revisions\/389"}],"wp:attachment":[{"href":"https:\/\/starokatoliki.si\/index.php\/wp-json\/wp\/v2\/media?parent=381"}],"curies":[{"name":"wp","href":"https:\/\/api.w.org\/{rel}","templated":true}]}}