{"id":497,"date":"2024-06-24T11:43:27","date_gmt":"2024-06-24T10:43:27","guid":{"rendered":"https:\/\/starokatoliki.si\/?page_id=497"},"modified":"2026-01-02T10:51:26","modified_gmt":"2026-01-02T09:51:26","slug":"casopis","status":"publish","type":"page","link":"https:\/\/starokatoliki.si\/index.php\/casopis\/","title":{"rendered":"\u010cASOPIS"},"content":{"rendered":"<p>Pozdravljeni na strani, kjer najdete povezave do elektronske izdaje na\u0161ega kvartalnega \u010dasopisa GLAS VERE. Na\u0161 \u010dasopis je namenjen informiranju tako cerkvene, kot tudi splo\u0161ne javnosti. Vabimo vas, da si ogledate na\u0161e izdaje \u010dasopisa in upamo, da vas bodo pritegnili k branju. \u010casopis izhaja na vsake tri mesece in ga je mogo\u010de dobiti tudi v tiskani obliki. Za tiskano edicijo \u010dasopisa nam po\u0161ljite e-po\u0161to na <a href=\"mailto:tajnistvo@starokatoliki.si\">tajnistvo@starokatoliki.si<\/a>. Vsako izdajo si lahko prenesete tudi na svoje elektronske naprave, v PDF obliki.\u00a0<\/p>\n\n\n<h2 class=\"wp-block-heading has-text-align-center\">OSMA IZDAJA \u010cASOPISA GLAS VERE<\/h2>\n\n\n\n<p>Osma izdaja \u010dasopisa Glas Vere je \u010detrta in zadnja \u0161tevilka v letu 2025. V letu 2025 smo izdali \u0161tiri \u0161tevilke in s tem pripomogli k bolj\u0161i informiranosti tako verske, kot tudi splo\u0161ne javnosti. Vabimo vas, da tudi tokrat preberete prispevke in se seznanite s tem kaj vse se je dogajalo v \u010dasu od 1. oktobra 2025 do 31. decembra 2025. U\u017eivajte v branju, prenesite si svojo elektronsko verzijo ali pa v kapeli Sv. Avgu\u0161tin \u017eupnija Sv. Luka v Mariboru poi\u0161\u010dite tiskano verzijo \u010dasopisa.<\/p>\n\n\n\n<div class=\"wp-block-media-text alignwide is-stacked-on-mobile\" style=\"grid-template-columns:40% auto\"><figure class=\"wp-block-media-text__media\"><img loading=\"lazy\" decoding=\"async\" width=\"724\" height=\"1024\" src=\"https:\/\/starokatoliki.si\/wp-content\/uploads\/2026\/01\/GLAS-VERE-425-724x1024.png\" alt=\"\" class=\"wp-image-900 size-full\" srcset=\"https:\/\/starokatoliki.si\/wp-content\/uploads\/2026\/01\/GLAS-VERE-425-724x1024.png 724w, https:\/\/starokatoliki.si\/wp-content\/uploads\/2026\/01\/GLAS-VERE-425-212x300.png 212w, https:\/\/starokatoliki.si\/wp-content\/uploads\/2026\/01\/GLAS-VERE-425-768x1086.png 768w, https:\/\/starokatoliki.si\/wp-content\/uploads\/2026\/01\/GLAS-VERE-425-1086x1536.png 1086w, https:\/\/starokatoliki.si\/wp-content\/uploads\/2026\/01\/GLAS-VERE-425.png 1414w\" sizes=\"auto, (max-width: 724px) 100vw, 724px\" \/><\/figure><div class=\"wp-block-media-text__content\">\n<h2 class=\"wp-block-heading\">GLAS VERE 4\/4 &#8211; 2025<\/h2>\n\n\n\n<p>V peti \u0161tevilki lahko preberete:<\/p>\n\n\n\n<ul>\n<li>40. let duhovni\u0161tva<\/li>\n<li>Starokatoli\u0161ka teologija 7. del<\/li>\n<li>Bo\u017ei\u010dno bogoslu\u017eje<\/li>\n<li>Intrevju z diakoniso<\/li>\n<li>In memoriam<\/li>\n<li>&#8230;<\/li>\n<\/ul>\n\n\n<div class=\"_df_thumb \" id=\"df_884\"  _slug=\"glas-vere-4-4-2025\" data-title=\"glas-vere-4-4-2025\" wpoptions=\"true\" thumb=\"https:\/\/starokatoliki.si\/wp-content\/uploads\/2025\/12\/GLAS-VERE-425.png\" thumbtype=\"\" >Glas vere 4\/4 2025<\/div><script class=\"df-shortcode-script\" nowprocket type=\"application\/javascript\">window.option_df_884 = {\"outline\":[],\"autoEnableOutline\":\"false\",\"autoEnableThumbnail\":\"false\",\"overwritePDFOutline\":\"false\",\"direction\":\"1\",\"pageSize\":\"0\",\"source\":\"https:\\\/\\\/starokatoliki.si\\\/wp-content\\\/uploads\\\/2025\\\/12\\\/GLAS-VERE-425-1.pdf\",\"wpOptions\":\"true\"}; if(window.DFLIP && window.DFLIP.parseBooks){window.DFLIP.parseBooks();}<\/script>\n<\/div><\/div>\n\n\n\n<h2 class=\"wp-block-heading has-text-align-center\">SEDMA IZDAJA \u010cASOPISA GLAS VERE<\/h2>\n\n\n\n<p>Sedma izdaja \u010dasopisa Glas Vere je tretja \u0161tevilka v letu 2025. V letu 2025 bomo izdali \u0161tiri \u0161tevilke in s tem pripomogli k bolj\u0161i informiranosti tako verske, kot tudi splo\u0161ne javnosti. Vabimo vas, da tudi tokrat preberete prispevke in se seznanite s tem kaj vse se je dogajalo v \u010dasu od 1. julija 2025 do 30. septembra 2025. U\u017eivajte v branju, prenesite si svojo elektronsko verzijo ali pa v kapeli Sv. Avgu\u0161tin \u017eupnija Sv. Luka v Mariboru poi\u0161\u010dite tiskano verzijo \u010dasopisa.<\/p>\n\n\n\n<div class=\"wp-block-media-text alignwide is-stacked-on-mobile\" style=\"grid-template-columns:40% auto\"><figure class=\"wp-block-media-text__media\"><img loading=\"lazy\" decoding=\"async\" width=\"724\" height=\"1024\" src=\"https:\/\/starokatoliki.si\/wp-content\/uploads\/2025\/10\/GLAS-VERE-325-724x1024.jpg\" alt=\"\" class=\"wp-image-858 size-full\" srcset=\"https:\/\/starokatoliki.si\/wp-content\/uploads\/2025\/10\/GLAS-VERE-325-724x1024.jpg 724w, https:\/\/starokatoliki.si\/wp-content\/uploads\/2025\/10\/GLAS-VERE-325-212x300.jpg 212w, https:\/\/starokatoliki.si\/wp-content\/uploads\/2025\/10\/GLAS-VERE-325-768x1086.jpg 768w, https:\/\/starokatoliki.si\/wp-content\/uploads\/2025\/10\/GLAS-VERE-325-1086x1536.jpg 1086w, https:\/\/starokatoliki.si\/wp-content\/uploads\/2025\/10\/GLAS-VERE-325.jpg 1414w\" sizes=\"auto, (max-width: 724px) 100vw, 724px\" \/><\/figure><div class=\"wp-block-media-text__content\">\n<h2 class=\"wp-block-heading\">GLAS VERE 3\/4 &#8211; 2025<\/h2>\n\n\n\n<p>V peti \u0161tevilki lahko preberete:<\/p>\n\n\n\n<ul>\n<li>\u017densko duhovni\u0161tvo<\/li>\n<li>Starokatoli\u0161ka teologija 6. del<\/li>\n<li>Poroka<\/li>\n<li>IBC konferenca<\/li>\n<li>In memoriam<\/li>\n<li>&#8230;<\/li>\n<\/ul>\n\n\n<div class=\"_df_thumb \" id=\"df_855\"  _slug=\"glas-vere-3-4-2025\" data-title=\"glas-vere-3-4-2025\" wpoptions=\"true\" thumb=\"https:\/\/starokatoliki.si\/wp-content\/uploads\/2025\/10\/GLAS-VERE-325.jpg\" thumbtype=\"\" >Glas vere 3\/4 2025<\/div><script class=\"df-shortcode-script\" nowprocket type=\"application\/javascript\">window.option_df_855 = {\"outline\":[],\"autoEnableOutline\":\"false\",\"autoEnableThumbnail\":\"false\",\"overwritePDFOutline\":\"false\",\"backgroundImage\":\"https:\\\/\\\/starokatoliki.si\\\/wp-content\\\/uploads\\\/2025\\\/10\\\/GLAS-VERE-325.jpg\",\"direction\":\"1\",\"pageSize\":\"0\",\"source\":\"https:\\\/\\\/starokatoliki.si\\\/wp-content\\\/uploads\\\/2025\\\/10\\\/spletna-verzija-GLAS-VERE-325-2.pdf\",\"wpOptions\":\"true\"}; if(window.DFLIP && window.DFLIP.parseBooks){window.DFLIP.parseBooks();}<\/script>\n<\/div><\/div>\n\n\n\n<h2 class=\"wp-block-heading has-text-align-center\">\u0160ESTA IZDAJA \u010cASOPISA GLAS VERE<\/h2>\n\n\n\n<p>\u0160esta izdaja \u010dasopisa Glas Vere je druga \u0161tevilka v letu 2025. V letu 2025 bomo izdali \u0161tiri \u0161tevilke in s tem pripomogli k bolj\u0161i informiranosti tako verske, kot tudi splo\u0161ne javnosti. Vabimo vas, da tudi tokrat preberete prispevke in se seznanite s tem kaj vse se je dogajalo v \u010dasu od 1. aprila 2025 do 30. junija 2025. Glas vere je do\u017eivel tudi korenito grafi\u010dno spremembo. <\/p>\n\n\n\n<div class=\"wp-block-media-text alignwide is-stacked-on-mobile\" style=\"grid-template-columns:40% auto\"><figure class=\"wp-block-media-text__media\"><img loading=\"lazy\" decoding=\"async\" width=\"724\" height=\"1024\" src=\"https:\/\/starokatoliki.si\/wp-content\/uploads\/2025\/06\/1-724x1024.png\" alt=\"\" class=\"wp-image-791 size-full\" srcset=\"https:\/\/starokatoliki.si\/wp-content\/uploads\/2025\/06\/1-724x1024.png 724w, https:\/\/starokatoliki.si\/wp-content\/uploads\/2025\/06\/1-212x300.png 212w, https:\/\/starokatoliki.si\/wp-content\/uploads\/2025\/06\/1-768x1086.png 768w, https:\/\/starokatoliki.si\/wp-content\/uploads\/2025\/06\/1-1086x1536.png 1086w, https:\/\/starokatoliki.si\/wp-content\/uploads\/2025\/06\/1.png 1414w\" sizes=\"auto, (max-width: 724px) 100vw, 724px\" \/><\/figure><div class=\"wp-block-media-text__content\">\n<h2 class=\"wp-block-heading\">GLAS VERE 2\/4 &#8211; 2025<\/h2>\n\n\n\n<p>V peti \u0161tevilki lahko preberete:<\/p>\n\n\n\n<ul>\n<li>Velika no\u010d<\/li>\n<li>Starokatoli\u0161ka teologija 5. del<\/li>\n<li>Diakonsko posve\u010denje<\/li>\n<li>Visoki obisk<\/li>\n<li>Starokatoli\u0161ki center<\/li>\n<li>&#8230;<\/li>\n<\/ul>\n\n\n<div class=\"_df_thumb \" id=\"df_793\"  _slug=\"glas-vere-2-4-25\" data-title=\"glas-vere-2-4-25\" wpoptions=\"true\" thumb=\"https:\/\/starokatoliki.si\/wp-content\/uploads\/2025\/06\/1.png\" thumbtype=\"\" >Glas vere 2\/4 25<\/div><script class=\"df-shortcode-script\" nowprocket type=\"application\/javascript\">window.option_df_793 = {\"outline\":[],\"autoEnableOutline\":\"false\",\"autoEnableThumbnail\":\"false\",\"overwritePDFOutline\":\"false\",\"direction\":\"1\",\"pageSize\":\"0\",\"source\":\"https:\\\/\\\/starokatoliki.si\\\/wp-content\\\/uploads\\\/2025\\\/06\\\/GLAS-VERE-225-lektorirana-verzija.pdf\",\"wpOptions\":\"true\"}; if(window.DFLIP && window.DFLIP.parseBooks){window.DFLIP.parseBooks();}<\/script>\n<\/div><\/div>\n\n\n\n<h2 class=\"wp-block-heading has-text-align-center\">PETA IZDAJA \u010cASOPISA GLAS VERE<\/h2>\n\n\n\n<p>Peta izdaja \u010dasopisa Glas Vere je prva \u0161tevilka v letu 2025. V letu 2025 bomo izdali \u0161tiri \u0161tevilke in s tem pripomogli k bolj\u0161i informiranosti tako verske, kot tudi splo\u0161ne javnosti. Vabimo vas, da tudi tokrat preberete prispevke in se seznanite s tem kaj vse se je dogajalo v \u010dasu od 1. januarja 2025 do 31. marca 2025.<\/p>\n\n\n\n<div class=\"wp-block-media-text alignwide is-stacked-on-mobile\" style=\"grid-template-columns:40% auto\"><figure class=\"wp-block-media-text__media\"><img loading=\"lazy\" decoding=\"async\" width=\"724\" height=\"1024\" src=\"https:\/\/starokatoliki.si\/wp-content\/uploads\/2025\/03\/prva-stran-1-724x1024.jpg\" alt=\"\" class=\"wp-image-766 size-full\" srcset=\"https:\/\/starokatoliki.si\/wp-content\/uploads\/2025\/03\/prva-stran-1-724x1024.jpg 724w, https:\/\/starokatoliki.si\/wp-content\/uploads\/2025\/03\/prva-stran-1-212x300.jpg 212w, https:\/\/starokatoliki.si\/wp-content\/uploads\/2025\/03\/prva-stran-1-768x1086.jpg 768w, https:\/\/starokatoliki.si\/wp-content\/uploads\/2025\/03\/prva-stran-1-1086x1536.jpg 1086w, https:\/\/starokatoliki.si\/wp-content\/uploads\/2025\/03\/prva-stran-1.jpg 1414w\" sizes=\"auto, (max-width: 724px) 100vw, 724px\" \/><\/figure><div class=\"wp-block-media-text__content\">\n<h2 class=\"wp-block-heading\">GLAS VERE 1\/4 &#8211; 2025<\/h2>\n\n\n\n<p>V peti \u0161tevilki lahko preberete:<\/p>\n\n\n\n<ul>\n<li>1700 let koncila v Niceji<\/li>\n<li>Starokatoli\u0161ka teologija 4. del<\/li>\n<li>Novice iz sveta<\/li>\n<li>Imenovanje duhovnika pomo\u010dnika<\/li>\n<li>Starost in vera<\/li>\n<li>&#8230;<\/li>\n<\/ul>\n\n\n<div class=\"_df_thumb \" id=\"df_771\"  _slug=\"771\" data-title=\"glas-vere-1-4-2025\" wpoptions=\"true\" thumb=\"https:\/\/starokatoliki.si\/wp-content\/uploads\/2025\/03\/prva-stran-1.jpg\" thumbtype=\"\" >Glas vere 1\/4 2025<\/div><script class=\"df-shortcode-script\" nowprocket type=\"application\/javascript\">window.option_df_771 = {\"outline\":[],\"autoEnableOutline\":\"false\",\"autoEnableThumbnail\":\"false\",\"overwritePDFOutline\":\"false\",\"direction\":\"1\",\"pageSize\":\"0\",\"soundEnable\":\"false\",\"source\":\"https:\\\/\\\/starokatoliki.si\\\/wp-content\\\/uploads\\\/2025\\\/03\\\/14-01.01.25-2.pdf\",\"wpOptions\":\"true\"}; if(window.DFLIP && window.DFLIP.parseBooks){window.DFLIP.parseBooks();}<\/script>\n<\/div><\/div>\n\n\n\n<h2 class=\"wp-block-heading has-text-align-center\">\u010cETRTA IZDAJA \u010cASOPISA GLAS VERE<\/h2>\n\n\n\n<p>\u010cetrta izdaja \u010dasopisa Glas Vere je zaokro\u017eila prvo leto svojega izhajanja. V letu 2024 smo izdali \u0161tiri \u0161tevilke in s tem pripomogli k bolj\u0161i informiranosti tako verske, kot tudi splo\u0161ne javnosti. Vabimo vas, da tudi tokrat preberete prispevke in se seznanite s tem kaj vse se je dogajalo v \u010dasu od 1. septembra 2024 do 31. decembra 2024. <\/p>\n\n\n\n<div class=\"wp-block-media-text alignwide is-stacked-on-mobile\" style=\"grid-template-columns:40% auto\"><figure class=\"wp-block-media-text__media\"><img loading=\"lazy\" decoding=\"async\" width=\"724\" height=\"1024\" src=\"https:\/\/starokatoliki.si\/wp-content\/uploads\/2025\/01\/prva-stran-724x1024.jpg\" alt=\"\" class=\"wp-image-749 size-full\" srcset=\"https:\/\/starokatoliki.si\/wp-content\/uploads\/2025\/01\/prva-stran-724x1024.jpg 724w, https:\/\/starokatoliki.si\/wp-content\/uploads\/2025\/01\/prva-stran-212x300.jpg 212w, https:\/\/starokatoliki.si\/wp-content\/uploads\/2025\/01\/prva-stran-768x1086.jpg 768w, https:\/\/starokatoliki.si\/wp-content\/uploads\/2025\/01\/prva-stran-1086x1536.jpg 1086w, https:\/\/starokatoliki.si\/wp-content\/uploads\/2025\/01\/prva-stran.jpg 1414w\" sizes=\"auto, (max-width: 724px) 100vw, 724px\" \/><\/figure><div class=\"wp-block-media-text__content\">\n<h2 class=\"wp-block-heading\">GLAS VERE 4\/4 &#8211; 2024<\/h2>\n\n\n\n<p>V \u010detrti \u0161tevilki lahko preberete:<\/p>\n\n\n\n<ul>\n<li>Uvodni pozdrav<\/li>\n<li>Starokatoli\u0161ka teologija 3. del<\/li>\n<li>Novice iz sveta<\/li>\n<li>Karitativno delo<\/li>\n<li>\u017dupnija Sv. Luka v Mariboru<\/li>\n<li>&#8230;<\/li>\n<\/ul>\n\n\n<div class=\"_df_thumb \" id=\"df_678\"  _slug=\"678\" data-title=\"glas-vere-4-4\" wpoptions=\"true\" thumb=\"https:\/\/starokatoliki.si\/wp-content\/uploads\/2024\/12\/prva-stran.jpg\" thumbtype=\"\" >GLAS VERE 4\/4<\/div><script class=\"df-shortcode-script\" nowprocket type=\"application\/javascript\">window.option_df_678 = {\"outline\":[],\"autoEnableOutline\":\"false\",\"autoEnableThumbnail\":\"false\",\"overwritePDFOutline\":\"false\",\"direction\":\"1\",\"pageSize\":\"0\",\"soundEnable\":\"false\",\"source\":\"https:\\\/\\\/starokatoliki.si\\\/wp-content\\\/uploads\\\/2024\\\/12\\\/4-4-25-Glas-vere.pdf\",\"wpOptions\":\"true\"}; if(window.DFLIP && window.DFLIP.parseBooks){window.DFLIP.parseBooks();}<\/script>\n<\/div><\/div>\n\n\n\n<h2 class=\"wp-block-heading has-text-align-center\">TRETJA IZDAJA \u010cASOPISA GLAS VERE<\/h2>\n\n\n\n<p>Ponovno je \u010das za izdajo, tokrat \u017ee tretje zaporedne \u0161tevilke \u010dasopisa Glas vere. Vabimo vas k branju spletne izdaje na\u0161ega \u010dasopisa. Kdor izmed vas pa si \u017eeli tiskano izdajo, pa naj nam pi\u0161e na <a href=\"mailto:tajnistvo@starokatoliki.si\">tajnistvo@starokatoliki.si<\/a> in izvod vam bomo poslali po po\u0161ti. Stro\u0161ki po\u0161iljanja so stro\u0161ki prejemnika. <\/p>\n\n\n\n<div class=\"wp-block-media-text alignwide is-stacked-on-mobile\" style=\"grid-template-columns:40% auto\"><figure class=\"wp-block-media-text__media\"><img loading=\"lazy\" decoding=\"async\" width=\"724\" height=\"1024\" src=\"https:\/\/starokatoliki.si\/wp-content\/uploads\/2024\/09\/prva-stran-724x1024.jpg\" alt=\"\" class=\"wp-image-609 size-full\" srcset=\"https:\/\/starokatoliki.si\/wp-content\/uploads\/2024\/09\/prva-stran-724x1024.jpg 724w, https:\/\/starokatoliki.si\/wp-content\/uploads\/2024\/09\/prva-stran-212x300.jpg 212w, https:\/\/starokatoliki.si\/wp-content\/uploads\/2024\/09\/prva-stran-768x1086.jpg 768w, https:\/\/starokatoliki.si\/wp-content\/uploads\/2024\/09\/prva-stran-1086x1536.jpg 1086w, https:\/\/starokatoliki.si\/wp-content\/uploads\/2024\/09\/prva-stran.jpg 1414w\" sizes=\"auto, (max-width: 724px) 100vw, 724px\" \/><\/figure><div class=\"wp-block-media-text__content\">\n<h2 class=\"wp-block-heading\">GLAS VERE 3\/4 &#8211; 2024<\/h2>\n\n\n\n<p>V tretjii \u0161tevilki lahko preberete:<\/p>\n\n\n\n<ul>\n<li>Uvodni pozdrav<\/li>\n<li>Starokatoli\u0161ka teologija 2. del<\/li>\n<li>Novice iz sveta<\/li>\n<li>Karitativno delo<\/li>\n<li>\u017dupnija Sv. Luka v Mariboru<\/li>\n<li>&#8230;<\/li>\n<\/ul>\n\n\n<div class=\"_df_thumb \" id=\"df_611\"  _slug=\"611\" data-title=\"glas-vere-3-4\" wpoptions=\"true\" thumb=\"https:\/\/starokatoliki.si\/wp-content\/uploads\/2024\/09\/prva-stran.jpg\" thumbtype=\"\" >GLAS VERE 3\/4<\/div><script class=\"df-shortcode-script\" nowprocket type=\"application\/javascript\">window.option_df_611 = {\"outline\":[],\"autoEnableOutline\":\"false\",\"autoEnableThumbnail\":\"false\",\"overwritePDFOutline\":\"false\",\"direction\":\"1\",\"pageSize\":\"0\",\"soundEnable\":\"true\",\"source\":\"https:\\\/\\\/starokatoliki.si\\\/wp-content\\\/uploads\\\/2024\\\/09\\\/Koncna-verzija-Glas-vere-3-4-2024.pdf\",\"wpOptions\":\"true\"}; if(window.DFLIP && window.DFLIP.parseBooks){window.DFLIP.parseBooks();}<\/script>\n<\/div><\/div>\n\n\n\n<h2 class=\"wp-block-heading has-text-align-center\">DRUGA IZDAJA \u010cASOPISA GLAS VERE<\/h2>\n\n\n\n<p class=\"has-text-align-center\">Pred vami je druga izdaja \u010dasopisa na\u0161e Starokatoli\u0161ke Cerkve v Sloveniji Utrechtske Izjave. Vabimo vas k zanimivemu branju v elektronski obliki, ki si jo lahko prenesete tudi na svoj ra\u010dunalnik, tablico ali telefon. \u010ce \u017eelite svoj izvod \u010dasopisa prejeti po po\u0161ti, nam pi\u0161ite na <a href=\"mailto:tajnistvo@starokatoliki.si\">tajnistvo@starokatoliki.si<\/a><\/p>\n\n\n\n<div class=\"wp-block-group has-ti-fg-alt-color has-ti-bg-inv-background-color has-text-color has-background\" style=\"margin-top:0px;margin-bottom:0px;padding-top:64px;padding-bottom:64px\"><div class=\"wp-block-group__inner-container is-layout-constrained wp-container-core-group-is-layout-5edc43e1 wp-block-group-is-layout-constrained\">\n<div class=\"wp-block-group\"><div class=\"wp-block-group__inner-container is-layout-constrained wp-block-group-is-layout-constrained\">\n<div class=\"wp-block-media-text alignwide is-stacked-on-mobile\"><figure class=\"wp-block-media-text__media\"><img loading=\"lazy\" decoding=\"async\" width=\"724\" height=\"1024\" src=\"https:\/\/starokatoliki.si\/wp-content\/uploads\/2024\/06\/1-1-724x1024.jpg\" alt=\"\" class=\"wp-image-533 size-full\" srcset=\"https:\/\/starokatoliki.si\/wp-content\/uploads\/2024\/06\/1-1-724x1024.jpg 724w, https:\/\/starokatoliki.si\/wp-content\/uploads\/2024\/06\/1-1-212x300.jpg 212w, https:\/\/starokatoliki.si\/wp-content\/uploads\/2024\/06\/1-1-768x1086.jpg 768w, https:\/\/starokatoliki.si\/wp-content\/uploads\/2024\/06\/1-1-1086x1536.jpg 1086w, https:\/\/starokatoliki.si\/wp-content\/uploads\/2024\/06\/1-1.jpg 1414w\" sizes=\"auto, (max-width: 724px) 100vw, 724px\" \/><\/figure><div class=\"wp-block-media-text__content\">\n<h2 class=\"wp-block-heading\">GLAS VERE 2\/4 &#8211; 2024<\/h2>\n\n\n\n<p>V drugi \u0161tevilki lahko preberete: <\/p>\n\n\n\n<ul>\n<li>Uvodni pozdrav<\/li>\n<li>Starokatoli\u0161ka teologija 1. del<\/li>\n<li>Pismo bratu v Kristusu<\/li>\n<li>Pesem Katarine Ambro\u017e<\/li>\n<li>Potovanje s svetim duhom<\/li>\n<li>&#8230;<\/li>\n<\/ul>\n\n\n<div class=\"_df_thumb \" id=\"df_521\"  _slug=\"521\" data-title=\"glas-vere-2-4\" wpoptions=\"true\" thumb=\"https:\/\/starokatoliki.si\/wp-content\/uploads\/2024\/06\/1-1.jpg\" thumbtype=\"\" >GLAS VERE 2\/4<\/div><script class=\"df-shortcode-script\" nowprocket type=\"application\/javascript\">window.option_df_521 = {\"outline\":[],\"backgroundColor\":\"transparent\",\"autoEnableOutline\":\"false\",\"autoEnableThumbnail\":\"false\",\"overwritePDFOutline\":\"false\",\"direction\":\"1\",\"pageSize\":\"0\",\"source\":\"https:\\\/\\\/starokatoliki.si\\\/wp-content\\\/uploads\\\/2024\\\/06\\\/2.-stevilka-za-WWW.pdf\",\"wpOptions\":\"true\"}; if(window.DFLIP && window.DFLIP.parseBooks){window.DFLIP.parseBooks();}<\/script>\n<\/div><\/div>\n\n\n\n<div class=\"wp-block-columns is-layout-flex wp-container-core-columns-is-layout-28f84493 wp-block-columns-is-layout-flex\">\n<div class=\"wp-block-column is-layout-flow wp-block-column-is-layout-flow\" style=\"flex-basis:15%\"><\/div>\n\n\n\n<div class=\"wp-block-column is-layout-flow wp-block-column-is-layout-flow\" style=\"flex-basis:70%\">\n<h2 class=\"wp-block-heading has-text-align-center\">PRVA IZDAJA \u010cASOPISA GLAS VERE<\/h2>\n\n\n\n<p class=\"has-text-align-center has-medium-font-size\">Po dolgem \u010dasu je lu\u010d sveta ugledala na\u0161a prva izdaja \u010dasopisa Starokatoli\u0161ke Cerkve v Sloveniji Utrechtske Izjave. Vabljeni k branju.<\/p>\n<\/div>\n\n\n\n<div class=\"wp-block-column is-layout-flow wp-block-column-is-layout-flow\" style=\"flex-basis:15%\"><\/div>\n<\/div>\n\n\n\n<div class=\"wp-block-media-text alignwide is-stacked-on-mobile\"><figure class=\"wp-block-media-text__media\"><img loading=\"lazy\" decoding=\"async\" width=\"724\" height=\"1024\" src=\"https:\/\/starokatoliki.si\/wp-content\/uploads\/2024\/04\/1-724x1024.jpg\" alt=\"\" class=\"wp-image-477 size-full\" srcset=\"https:\/\/starokatoliki.si\/wp-content\/uploads\/2024\/04\/1-724x1024.jpg 724w, https:\/\/starokatoliki.si\/wp-content\/uploads\/2024\/04\/1-212x300.jpg 212w, https:\/\/starokatoliki.si\/wp-content\/uploads\/2024\/04\/1-768x1086.jpg 768w, https:\/\/starokatoliki.si\/wp-content\/uploads\/2024\/04\/1-1086x1536.jpg 1086w, https:\/\/starokatoliki.si\/wp-content\/uploads\/2024\/04\/1.jpg 1414w\" sizes=\"auto, (max-width: 724px) 100vw, 724px\" \/><\/figure><div class=\"wp-block-media-text__content\">\n<h2 class=\"wp-block-heading\">GLAS VERE 1\/4 &#8211; 2024<\/h2>\n\n\n\n<p>V prvi \u0161tevilki lahko preberete: <\/p>\n\n\n\n<ul>\n<li>Uvodni pozdrav<\/li>\n<li>Intervju z duhovnikom Erichom<\/li>\n<li>Velikono\u010dna pridiga<\/li>\n<li>Obvestila<\/li>\n<li>&#8230;<\/li>\n<\/ul>\n\n\n<div class=\"_df_thumb \" id=\"df_500\"  _slug=\"glas-vere-1-4-2024\" data-title=\"glas-vere-1-4-2024\" wpoptions=\"true\" thumb=\"https:\/\/starokatoliki.si\/wp-content\/uploads\/2024\/04\/1.jpg\" thumbtype=\"\" >GLAS VERE 1\/4 &#8211; 2024<\/div><script class=\"df-shortcode-script\" nowprocket type=\"application\/javascript\">window.option_df_500 = {\"outline\":[],\"autoEnableOutline\":\"false\",\"autoEnableThumbnail\":\"false\",\"overwritePDFOutline\":\"false\",\"direction\":\"1\",\"pageSize\":\"0\",\"source\":\"https:\\\/\\\/starokatoliki.si\\\/wp-content\\\/uploads\\\/2024\\\/04\\\/Casopis-Starokatoliske-Cerkve-v-Sloveniji-Utrechtske-Izjave-1-2024.pdf\",\"wpOptions\":\"true\"}; if(window.DFLIP && window.DFLIP.parseBooks){window.DFLIP.parseBooks();}<\/script>\n<\/div><\/div>\n<\/div><\/div>\n<\/div><\/div>\n","protected":false},"excerpt":{"rendered":"<p>Pozdravljeni na strani, kjer najdete povezave do elektronske izdaje na\u0161ega kvartalnega \u010dasopisa GLAS VERE. Na\u0161 \u010dasopis je namenjen informiranju tako cerkvene, kot tudi splo\u0161ne javnosti. Vabimo vas, da si ogledate na\u0161e izdaje \u010dasopisa in upamo, da vas bodo pritegnili k branju. \u010casopis izhaja na vsake tri mesece in ga je [&hellip;]<\/p>\n","protected":false},"author":1,"featured_media":0,"parent":0,"menu_order":0,"comment_status":"closed","ping_status":"closed","template":"","meta":{"_price":"","_stock":"","_tribe_ticket_header":"","_tribe_default_ticket_provider":"","_tribe_ticket_capacity":"0","_ticket_start_date":"","_ticket_end_date":"","_tribe_ticket_show_description":"","_tribe_ticket_show_not_going":false,"_tribe_ticket_use_global_stock":"","_tribe_ticket_global_stock_level":"","_global_stock_mode":"","_global_stock_cap":"","_tribe_rsvp_for_event":"","_tribe_ticket_going_count":"","_tribe_ticket_not_going_count":"","_tribe_tickets_list":"[]","_tribe_ticket_has_attendee_info_fields":false,"_themeisle_gutenberg_block_has_review":false,"footnotes":"","_tec_slr_enabled":"","_tec_slr_layout":""},"class_list":["post-497","page","type-page","status-publish","hentry"],"ticketed":false,"_links":{"self":[{"href":"https:\/\/starokatoliki.si\/index.php\/wp-json\/wp\/v2\/pages\/497","targetHints":{"allow":["GET"]}}],"collection":[{"href":"https:\/\/starokatoliki.si\/index.php\/wp-json\/wp\/v2\/pages"}],"about":[{"href":"https:\/\/starokatoliki.si\/index.php\/wp-json\/wp\/v2\/types\/page"}],"author":[{"embeddable":true,"href":"https:\/\/starokatoliki.si\/index.php\/wp-json\/wp\/v2\/users\/1"}],"replies":[{"embeddable":true,"href":"https:\/\/starokatoliki.si\/index.php\/wp-json\/wp\/v2\/comments?post=497"}],"version-history":[{"count":26,"href":"https:\/\/starokatoliki.si\/index.php\/wp-json\/wp\/v2\/pages\/497\/revisions"}],"predecessor-version":[{"id":903,"href":"https:\/\/starokatoliki.si\/index.php\/wp-json\/wp\/v2\/pages\/497\/revisions\/903"}],"wp:attachment":[{"href":"https:\/\/starokatoliki.si\/index.php\/wp-json\/wp\/v2\/media?parent=497"}],"curies":[{"name":"wp","href":"https:\/\/api.w.org\/{rel}","templated":true}]}}