{"id":71,"date":"2023-10-24T01:03:14","date_gmt":"2023-10-24T01:03:14","guid":{"rendered":"https:\/\/starokatoliki.si\/?page_id=71"},"modified":"2023-12-27T23:59:54","modified_gmt":"2023-12-27T22:59:54","slug":"zakramenti","status":"publish","type":"page","link":"https:\/\/starokatoliki.si\/index.php\/zakramenti\/","title":{"rendered":"Zakramenti"},"content":{"rendered":"\r\n<div class=\"wp-block-group has-ti-fg-alt-color has-ti-bg-inv-background-color has-text-color has-background\" style=\"margin-top: 0px; margin-bottom: 0px; padding-top: 64px; padding-bottom: 64px;\"><div class=\"wp-block-group__inner-container is-layout-constrained wp-container-core-group-is-layout-5edc43e1 wp-block-group-is-layout-constrained\">\r\n<div class=\"wp-block-group\"><div class=\"wp-block-group__inner-container is-layout-constrained wp-block-group-is-layout-constrained\">\r\n<div class=\"wp-block-columns is-layout-flex wp-container-core-columns-is-layout-28f84493 wp-block-columns-is-layout-flex\">\r\n<div class=\"wp-block-column is-layout-flow wp-block-column-is-layout-flow\" style=\"flex-basis: 15%;\"><\/div>\r\n\r\n\r\n\r\n<div class=\"wp-block-column is-layout-flow wp-block-column-is-layout-flow\" style=\"flex-basis: 70%;\">\r\n<h2 class=\"wp-block-heading has-text-align-center\">Izvajamo in priznavamo sedem zakramentov<\/h2>\r\n\r\n\r\n\r\n<p class=\"has-text-align-center has-medium-font-size\">Verjamemo, da skladno s kr\u0161\u010dansko tradicijo lahko prejmemo slede\u010de zakramente:<\/p>\r\n<\/div>\r\n\r\n\r\n\r\n<div class=\"wp-block-column is-layout-flow wp-block-column-is-layout-flow\" style=\"flex-basis: 15%;\"><\/div>\r\n<\/div>\r\n\r\n\r\n\r\n<div class=\"wp-block-media-text alignwide is-stacked-on-mobile\">\r\n<figure class=\"wp-block-media-text__media\"><img loading=\"lazy\" decoding=\"async\" width=\"695\" height=\"480\" src=\"https:\/\/starokatoliki.si\/wp-content\/uploads\/2023\/10\/krst-1.jpg\" alt=\"\" class=\"wp-image-72 size-full\" srcset=\"https:\/\/starokatoliki.si\/wp-content\/uploads\/2023\/10\/krst-1.jpg 695w, https:\/\/starokatoliki.si\/wp-content\/uploads\/2023\/10\/krst-1-300x207.jpg 300w\" sizes=\"auto, (max-width: 695px) 100vw, 695px\" \/><\/figure>\r\n<div class=\"wp-block-media-text__content\">\r\n<h2 class=\"wp-block-heading\">Krst<\/h2>\r\n\r\n\r\n\r\n<p style=\"text-align: justify;\">Sveti krst je eden izmed sedmih svetih zakramentov in prvi zakrament uvajanja v kr\u0161\u010danstvo. Kr\u0161\u010denec po krstu postane \u010dlan skupnosti kristjanov &#8211; kr\u0161\u010danske Cerkve. Pogoj za krst je seveda kr\u0161\u010danska vera, zato mora kr\u0161\u010denec pred krstnim obredom izpovedati, da sprejema vero Cerkve za svojo. \u010ce gre za krst otroka, to storijo njegovi star\u0161i in botri, ki hkrati obljubijo, da bodo otroka vzgajali v kr\u0161\u010danski veri.<\/p>\r\n\r\n\r\n\r\n<p>\u010ce je kandidat za prejem krsta odrasel, se mora na krst najprej ustrezno pripraviti. Postopek priprave odraslih na krst se imenuje katehumenat.<\/p>\r\n<\/div>\r\n<\/div>\r\n\r\n\r\n\r\n<div class=\"wp-block-media-text alignwide has-media-on-the-right is-stacked-on-mobile\">\r\n<div class=\"wp-block-media-text__content\">\r\n<h2 class=\"wp-block-heading\">Obhajilo &#8211; Evharistija<\/h2>\r\n\r\n\r\n\r\n<p style=\"text-align: justify;\">Evharistija, tudi obhajilo, Re\u0161nje telo, Sveta ve\u010derja ali Najsvetej\u0161i oltarni zakrament, je eden od najpomembnej\u0161ih kr\u0161\u010danskih zakramentov. Beseda evharistija izhaja iz gr\u0161\u010dine: starogr\u0161ko \u03b5\u03c5\u03c7\u03b1\u03c1\u03b9\u03c3\u03c4\u03af\u03b1 \u2013 euharistia pomeni zahvala. Pomen izhaja iz tega, ker se je Jezus na veliki \u010detrtek, ko je pri zadnji ve\u010derji blagoslovil kruh in vino (glej navedek poglavje ni\u017eje), zahvalil Bogu, svojemu o\u010detu, za darove in za \u010dude\u017e spremenitve (primerjaj Jn 11,42). Tudi prvi kristjani so se ob zbiranju pri ma\u0161ah zahvaljevali za darove, ki so jih prinesli, da bi jih Jezus spremenil v svoje telo in kri.<\/p>\r\n<\/div>\r\n<figure class=\"wp-block-media-text__media\"><img loading=\"lazy\" decoding=\"async\" width=\"719\" height=\"421\" src=\"https:\/\/starokatoliki.si\/wp-content\/uploads\/2023\/10\/evharistija.jpg\" alt=\"\" class=\"wp-image-73 size-full\" srcset=\"https:\/\/starokatoliki.si\/wp-content\/uploads\/2023\/10\/evharistija.jpg 719w, https:\/\/starokatoliki.si\/wp-content\/uploads\/2023\/10\/evharistija-300x176.jpg 300w\" sizes=\"auto, (max-width: 719px) 100vw, 719px\" \/><\/figure>\r\n<\/div>\r\n<\/div><\/div>\r\n\r\n\r\n\r\n<div class=\"wp-block-group has-ti-fg-alt-color has-ti-bg-inv-background-color has-text-color has-background\" style=\"margin-top: 0px; margin-bottom: 0px; padding-top: 64px; padding-bottom: 64px;\"><div class=\"wp-block-group__inner-container is-layout-constrained wp-container-core-group-is-layout-5edc43e1 wp-block-group-is-layout-constrained\">\r\n<div class=\"wp-block-group\"><div class=\"wp-block-group__inner-container is-layout-constrained wp-block-group-is-layout-constrained\">\r\n<div class=\"wp-block-media-text alignwide is-stacked-on-mobile\">\r\n<figure class=\"wp-block-media-text__media\"><img loading=\"lazy\" decoding=\"async\" width=\"719\" height=\"510\" src=\"https:\/\/starokatoliki.si\/wp-content\/uploads\/2023\/10\/birma.jpg\" alt=\"\" class=\"wp-image-75 size-full\" srcset=\"https:\/\/starokatoliki.si\/wp-content\/uploads\/2023\/10\/birma.jpg 719w, https:\/\/starokatoliki.si\/wp-content\/uploads\/2023\/10\/birma-300x213.jpg 300w\" sizes=\"auto, (max-width: 719px) 100vw, 719px\" \/><\/figure>\r\n<div class=\"wp-block-media-text__content\">\r\n<h2 class=\"wp-block-heading\">Birma<\/h2>\r\n\r\n\r\n\r\n<p style=\"text-align: justify;\">B\u00edrma je eden od kr\u0161\u010danskih zakramentov. Slovensko ime zakramenta izvira iz besede konfirmacija (latinsko: confirmatio) in pomeni potrditev. Podelitev zakramenta birme naj bi sovpadala z duhovno zrelostjo, zato se birmo pogosto podeljuje ob prehodu iz otro\u0161tva v odraslost, npr. ob koncu osnovne \u0161ole.\u00a0Prejemnik zakramenta birme se imenuje birmanec, podeljevalec pa je birmovalec. Birmo redno podeljuje \u0161kof (le izjemoma in samo z izrecno \u0161kofovo odobritvijo lahko tudi duhovnik-ma\u0161nik). Ob podelitvi tega zakramenta birmanec prejme bo\u017ejo milost in darove svetega duha: dar modrosti, dar umnosti, dar sv\u00e9ta, dar mo\u010di, dar vednosti, dar pobo\u017enosti in dar strahu bo\u017ejega. Ti darovi bolje usposobijo prejemnika za \u017eivljenje po Jezusovem nauku in s tem za kr\u0161\u010dansko pri\u010devanje.\u00a0Birmanca pri obredu birme po navadi spremlja boter, ki naj bi pozneje v \u017eivljenju prevzel vlogo duhovnega vodnika birmanca.<\/p>\r\n<\/div>\r\n<\/div>\r\n\r\n\r\n\r\n<div class=\"wp-block-media-text alignwide has-media-on-the-right is-stacked-on-mobile\">\r\n<div class=\"wp-block-media-text__content\">\r\n<h2 class=\"wp-block-heading\">Spoved<\/h2>\r\n\r\n\r\n\r\n<p style=\"text-align: justify;\">Zakrament sprave je eden od sedmih zakramentov, ki ga je Jezus Kristus dal za duhovno ozdravljenje in posve\u010denje. Postavil ga je na veliko no\u010d, ko je rekel apostolom: \u00bbPrejmite Svetega Duha! Komur grehe odpustite, so jim odpu\u0161\u010deni, komur jih zadr\u017eite, so jim zadr\u017eani\u00ab (Jan 20,23).<\/p>\r\n<\/div>\r\n<figure class=\"wp-block-media-text__media\"><img loading=\"lazy\" decoding=\"async\" width=\"500\" height=\"348\" src=\"https:\/\/starokatoliki.si\/wp-content\/uploads\/2023\/10\/spoved.jpg\" alt=\"\" class=\"wp-image-77 size-full\" srcset=\"https:\/\/starokatoliki.si\/wp-content\/uploads\/2023\/10\/spoved.jpg 500w, https:\/\/starokatoliki.si\/wp-content\/uploads\/2023\/10\/spoved-300x209.jpg 300w\" sizes=\"auto, (max-width: 500px) 100vw, 500px\" \/><\/figure>\r\n<\/div>\r\n<\/div><\/div>\r\n<\/div><\/div>\r\n<\/div><\/div>\r\n\r\n\r\n\r\n<div class=\"wp-block-group has-ti-fg-alt-color has-ti-bg-inv-background-color has-text-color has-background\" style=\"margin-top: 0px; margin-bottom: 0px; padding-top: 64px; padding-bottom: 64px;\"><div class=\"wp-block-group__inner-container is-layout-constrained wp-container-core-group-is-layout-5edc43e1 wp-block-group-is-layout-constrained\">\r\n<div class=\"wp-block-group\"><div class=\"wp-block-group__inner-container is-layout-constrained wp-block-group-is-layout-constrained\">\r\n<div class=\"wp-block-media-text alignwide is-stacked-on-mobile\">\r\n<figure class=\"wp-block-media-text__media\"><img loading=\"lazy\" decoding=\"async\" width=\"742\" height=\"503\" src=\"https:\/\/starokatoliki.si\/wp-content\/uploads\/2023\/10\/bolnisko-maziljenje.jpg\" alt=\"\" class=\"wp-image-79 size-full\" srcset=\"https:\/\/starokatoliki.si\/wp-content\/uploads\/2023\/10\/bolnisko-maziljenje.jpg 742w, https:\/\/starokatoliki.si\/wp-content\/uploads\/2023\/10\/bolnisko-maziljenje-300x203.jpg 300w\" sizes=\"auto, (max-width: 742px) 100vw, 742px\" \/><\/figure>\r\n<div class=\"wp-block-media-text__content\">\r\n<h2 class=\"wp-block-heading\">Bolni\u0161ko maziljenje<\/h2>\r\n\r\n\r\n\r\n<p style=\"text-align: justify;\">Boln\u00ed\u0161ko maz\u00edljenje je kr\u0161\u010danski zakrament namenjen podeljevanju Bo\u017eje milosti bolnikom. Jezus je ozdravil veliko bolnikov in tudi svojim u\u010dencem naro\u010dil, da naj polagajo roke na bolnike in jih ozdravljajo. V Svetem pismu pi\u0161e: \u010ce je kdo med vami bolan, naj pokli\u010de stare\u0161ine Cerkve in naj ga v Gospodovem imenu z oljem mazilijo ter nad njim molijo in verna molitev bo bolnika re\u0161ila in Gospod mu bo olaj\u0161al in, \u010de je v grehih, mu bo odpu\u0161\u010deno. (Jak 5,14) Na podlagi tega naro\u010dila Cerkev opravlja maziljenje bolnikov. Poudariti velja, da ta zakrament ni namenjen telesnemu ozdravljenju, pa\u010d pa v prvi vrsti duhovni oskrbi bolnika. Zmotno je tudi prepri\u010danje, da je to zakrament priprave na smrt, \u010deprav se med ljudmi pogosto imenuje poslednje olje ali poslednji zakrament.<\/p>\r\n<\/div>\r\n<\/div>\r\n\r\n\r\n\r\n<div class=\"wp-block-media-text alignwide has-media-on-the-right is-stacked-on-mobile\">\r\n<div class=\"wp-block-media-text__content\">\r\n<h2 class=\"wp-block-heading\">Sveti red<\/h2>\r\n\r\n\r\n\r\n<p>Zakrament svetega reda je kr\u0161\u010danski zakrament, pri katerem dobi kandidat Bo\u017ejo milost za opravljanje duhovne slu\u017ebe v Cerkvi. Zakrament se podeljuje s polaganjem rok, zato se imenuje tudi hirotonija (gr\u0161ko: starogr\u0161ko \u03c7\u03b5\u03b9\u03c1\u03bf\u03c4\u03bf\u03bd\u03b9\u03b1 [hirotonia] &#8211; polaganje rok).<\/p>\r\n\r\n\r\n\r\n<p>Zakrament ima tri stopnje:<\/p>\r\n\r\n\r\n\r\n<p>diakonsko posve\u010denje (diakonat)<\/p>\r\n\r\n\r\n\r\n<p>duhovni\u0161ko posve\u010denje (prezbiterat)<\/p>\r\n\r\n\r\n\r\n<p>\u0161kofovsko posve\u010denje (episkopat)<\/p>\r\n\r\n\r\n\r\n<p>Oseba, ki je posve\u010dena v \u0161kofa, prejme v polnosti zakrament svetega reda.<\/p>\r\n<\/div>\r\n<figure class=\"wp-block-media-text__media\"><img loading=\"lazy\" decoding=\"async\" width=\"768\" height=\"1024\" src=\"https:\/\/starokatoliki.si\/wp-content\/uploads\/2023\/10\/sveti-red-768x1024.jpg\" alt=\"\" class=\"wp-image-80 size-full\" srcset=\"https:\/\/starokatoliki.si\/wp-content\/uploads\/2023\/10\/sveti-red-768x1024.jpg 768w, https:\/\/starokatoliki.si\/wp-content\/uploads\/2023\/10\/sveti-red-225x300.jpg 225w, https:\/\/starokatoliki.si\/wp-content\/uploads\/2023\/10\/sveti-red-1152x1536.jpg 1152w, https:\/\/starokatoliki.si\/wp-content\/uploads\/2023\/10\/sveti-red.jpg 1536w\" sizes=\"auto, (max-width: 768px) 100vw, 768px\" \/><\/figure>\r\n<\/div>\r\n<\/div><\/div>\r\n<\/div><\/div>\r\n\r\n\r\n\r\n<div class=\"wp-block-group has-ti-fg-alt-color has-ti-bg-inv-background-color has-text-color has-background\" style=\"margin-top: 0px; margin-bottom: 0px; padding-top: 64px; padding-bottom: 64px;\"><div class=\"wp-block-group__inner-container is-layout-constrained wp-container-core-group-is-layout-5edc43e1 wp-block-group-is-layout-constrained\">\r\n<div class=\"wp-block-group\"><div class=\"wp-block-group__inner-container is-layout-constrained wp-block-group-is-layout-constrained\">\r\n<div class=\"wp-block-media-text alignwide is-stacked-on-mobile\">\r\n<figure class=\"wp-block-media-text__media\"><img loading=\"lazy\" decoding=\"async\" width=\"750\" height=\"467\" src=\"https:\/\/starokatoliki.si\/wp-content\/uploads\/2023\/10\/sveti-zakon.jpg\" alt=\"\" class=\"wp-image-82 size-full\" srcset=\"https:\/\/starokatoliki.si\/wp-content\/uploads\/2023\/10\/sveti-zakon.jpg 750w, https:\/\/starokatoliki.si\/wp-content\/uploads\/2023\/10\/sveti-zakon-300x187.jpg 300w\" sizes=\"auto, (max-width: 750px) 100vw, 750px\" \/><\/figure>\r\n<div class=\"wp-block-media-text__content\">\r\n<h2 class=\"wp-block-heading\">Sveti zakon<\/h2>\r\n\r\n\r\n\r\n<p style=\"text-align: justify;\">Zakrament svetega zakona (tudi cerkvena poroka) je poro\u010dna zaveza med \u017eeninom in nevesto, ki ima po kr\u0161\u010danskem verovanju status zakramenta med poro\u010denima. Pred poroko morata \u017eenin in nevesta svojo \u017eeljo oziroma namen, da se poro\u010dita, prijaviti pri \u017eupniku, ki mora oba izpra\u0161ati, sestaviti predporo\u010dni zapisnik in oklicati zaro\u010denca. Poro\u010dni obred je po navadi vklju\u010den v ma\u0161o in ga vodi duhovnik-ma\u0161nik. Duhovnik pri tem ne velja za podeljevalca zakramenta, pa\u010d pa samo za uradno pri\u010do, zato lahko cerkveno poroko vodi tudi diakon. Prava podeljevalca zakramenta sta \u017eenin in nevesta, ki ta zakrament podelita drug drugemu.<\/p>\r\n<\/div>\r\n<\/div>\r\n<\/div><\/div>\r\n<\/div><\/div>\r\n","protected":false},"excerpt":{"rendered":"<p>Izvajamo in priznavamo sedem zakramentov Verjamemo, da skladno s kr\u0161\u010dansko tradicijo lahko prejmemo slede\u010de zakramente: Krst Sveti krst je eden izmed sedmih svetih zakramentov in prvi zakrament uvajanja v kr\u0161\u010danstvo. Kr\u0161\u010denec po krstu postane \u010dlan skupnosti kristjanov &#8211; kr\u0161\u010danske Cerkve. Pogoj za krst je seveda kr\u0161\u010danska vera, zato mora kr\u0161\u010denec [&hellip;]<\/p>\n","protected":false},"author":1,"featured_media":0,"parent":0,"menu_order":0,"comment_status":"closed","ping_status":"closed","template":"","meta":{"_price":"","_stock":"","_tribe_ticket_header":"","_tribe_default_ticket_provider":"","_tribe_ticket_capacity":"0","_ticket_start_date":"","_ticket_end_date":"","_tribe_ticket_show_description":"","_tribe_ticket_show_not_going":false,"_tribe_ticket_use_global_stock":"","_tribe_ticket_global_stock_level":"","_global_stock_mode":"","_global_stock_cap":"","_tribe_rsvp_for_event":"","_tribe_ticket_going_count":"","_tribe_ticket_not_going_count":"","_tribe_tickets_list":"[]","_tribe_ticket_has_attendee_info_fields":false,"_themeisle_gutenberg_block_has_review":false,"footnotes":"","_tec_slr_enabled":"","_tec_slr_layout":""},"class_list":["post-71","page","type-page","status-publish","hentry"],"ticketed":false,"_links":{"self":[{"href":"https:\/\/starokatoliki.si\/index.php\/wp-json\/wp\/v2\/pages\/71","targetHints":{"allow":["GET"]}}],"collection":[{"href":"https:\/\/starokatoliki.si\/index.php\/wp-json\/wp\/v2\/pages"}],"about":[{"href":"https:\/\/starokatoliki.si\/index.php\/wp-json\/wp\/v2\/types\/page"}],"author":[{"embeddable":true,"href":"https:\/\/starokatoliki.si\/index.php\/wp-json\/wp\/v2\/users\/1"}],"replies":[{"embeddable":true,"href":"https:\/\/starokatoliki.si\/index.php\/wp-json\/wp\/v2\/comments?post=71"}],"version-history":[{"count":6,"href":"https:\/\/starokatoliki.si\/index.php\/wp-json\/wp\/v2\/pages\/71\/revisions"}],"predecessor-version":[{"id":355,"href":"https:\/\/starokatoliki.si\/index.php\/wp-json\/wp\/v2\/pages\/71\/revisions\/355"}],"wp:attachment":[{"href":"https:\/\/starokatoliki.si\/index.php\/wp-json\/wp\/v2\/media?parent=71"}],"curies":[{"name":"wp","href":"https:\/\/api.w.org\/{rel}","templated":true}]}}